{"id":112,"date":"2023-10-12T08:42:31","date_gmt":"2023-10-12T01:42:31","guid":{"rendered":"https:\/\/gachoplatgiatot.123websitedev.com\/?page_id=112"},"modified":"2024-01-03T05:32:25","modified_gmt":"2024-01-02T22:32:25","slug":"lien-he","status":"publish","type":"page","link":"https:\/\/thietbilanhcongnghiep.com.vn\/en\/lien-he\/","title":{"rendered":"Contact"},"content":{"rendered":"<section class=\"section\" id=\"section_1610421690\">\n\t\t<div class=\"bg section-bg fill bg-fill  bg-loaded\" >\n\n\t\t\t\n\t\t\t\n\t\t\t\n\n\t\t<\/div>\n\n\t\t\n\n\t\t<div class=\"section-content relative\">\n\t\t\t\n<div class=\"row row-collapse align-equal\"  id=\"row-1764793012\">\n\n\t<div id=\"col-1416621021\" class=\"col medium-4 small-12 large-4\"  >\n\t\t\t\t<div class=\"col-inner\"  >\n\t\t\t\n\t\t\t\n\t<div id=\"text-4280060883\" class=\"text\">\n\t\t\n<h3 class=\"contact-page-title\" style=\"text-align: center;\">\u0110\u1ecba ch\u1ec9 c\u1eeda h\u00e0ng<\/h3>\n<p>Address: 49 Street 5, Linh Tay Ward, City. Thu Duc, Ho Chi Minh City<\/p>\n<p>Hotline:\u00a0<a href=\"tel:0903729353\">0903.729.353<\/a>\u00a0(Mr.Thanh)<\/p>\n\t\t\n<style>\n#text-4280060883 {\n  text-align: center;\n}\n<\/style>\n\t<\/div>\n\t\n\t\t<\/div>\n\t\t\t\t\n<style>\n#col-1416621021 > .col-inner {\n  margin: 0px 0px -50px 0px;\n}\n<\/style>\n\t<\/div>\n\n\t\n\n\t<div id=\"col-724552980\" class=\"col medium-4 small-12 large-4\"  >\n\t\t\t\t<div class=\"col-inner\" style=\"background-color:rgb(255,255,255);\" >\n\t\t\t\n\t\t\t\n\t<div id=\"text-2366824185\" class=\"text\">\n\t\t\n<h3 class=\"contact-page-title\">\u0110\u1ecba ch\u1ec9 kho<\/h3>\n<p>\u0110\u1ecba ch\u1ec9 kho: 1436 &#8211; Ph\u1ea1m Th\u1ebf Hi\u1ec3n, P.5, Q.8 (g\u1ea7n c\u1ea7u Hi\u1ec7p \u00c2n 1)<\/p>\n<p>Hotline:\u00a0<a href=\"tel:0906696572\">0906.696.572<\/a>\u00a0(Mr. Hoa)<\/p>\n\t\t\n<style>\n#text-2366824185 {\n  text-align: center;\n}\n<\/style>\n\t<\/div>\n\t\n\t\t<\/div>\n\t\t\t\t\n<style>\n#col-724552980 > .col-inner {\n  margin: 0px 0px -50px 0px;\n}\n<\/style>\n\t<\/div>\n\n\t\n\n\t<div id=\"col-712612285\" class=\"col medium-4 small-12 large-4\"  >\n\t\t\t\t<div class=\"col-inner\"  >\n\t\t\t\n\t\t\t\n\t<div id=\"text-836003691\" class=\"text\">\n\t\t\n<h3 class=\"contact-page-title\">Th\u00f4ng tin thanh to\u00e1n<\/h3>\n<p>THIEN PHU AN Technical Trading Company Limited<\/p>\n<p>S\u1ed1 TK: \u202a234097759\u202c &#8211; ng\u00e2n h\u00e0ng ACB chi nh\u00e1nh Th\u1ee7 \u0110\u1ee9c<\/p>\n\t\t\n<style>\n#text-836003691 {\n  text-align: center;\n}\n<\/style>\n\t<\/div>\n\t\n\t\t<\/div>\n\t\t\t\t\t<\/div>\n\n\t\n\n\t<div id=\"col-1793966990\" class=\"col medium-6 small-12 large-6\"  >\n\t\t\t\t<div class=\"col-inner\"  >\n\t\t\t\n\t\t\t\n\n<div class=\"wpcf7 no-js\" id=\"wpcf7-f212-o1\" lang=\"vi\" dir=\"ltr\">\n<div class=\"screen-reader-response\"><p role=\"status\" aria-live=\"polite\" aria-atomic=\"true\"><\/p> <ul><\/ul><\/div>\n<form action=\"\/en\/wp-json\/wp\/v2\/pages\/112#wpcf7-f212-o1\" method=\"post\" class=\"wpcf7-form init\" aria-label=\"Form li\u00ean h\u1ec7\" novalidate=\"novalidate\" data-status=\"init\" data-trp-original-action=\"\/en\/wp-json\/wp\/v2\/pages\/112#wpcf7-f212-o1\">\n<div style=\"display: none;\">\n<input type=\"hidden\" name=\"_wpcf7\" value=\"212\" \/>\n<input type=\"hidden\" name=\"_wpcf7_version\" value=\"5.8.1\" \/>\n<input type=\"hidden\" name=\"_wpcf7_locale\" value=\"vi\" \/>\n<input type=\"hidden\" name=\"_wpcf7_unit_tag\" value=\"wpcf7-f212-o1\" \/>\n<input type=\"hidden\" name=\"_wpcf7_container_post\" value=\"0\" \/>\n<input type=\"hidden\" name=\"_wpcf7_posted_data_hash\" value=\"\" \/>\n<\/div>\n<p><label> H\u1ecd v\u00e0 t\u00ean<br \/>\n<span class=\"wpcf7-form-control-wrap\" data-name=\"your-name\"><input size=\"40\" class=\"wpcf7-form-control wpcf7-text wpcf7-validates-as-required\" autocomplete=\"name\" aria-required=\"true\" aria-invalid=\"false\" value=\"\" type=\"text\" name=\"your-name\" \/><\/span> <\/label>\n<\/p>\n<p><label> \u0110\u1ecba ch\u1ec9 email<br \/>\n<span class=\"wpcf7-form-control-wrap\" data-name=\"your-email\"><input size=\"40\" class=\"wpcf7-form-control wpcf7-email wpcf7-validates-as-required wpcf7-text wpcf7-validates-as-email\" autocomplete=\"email\" aria-required=\"true\" aria-invalid=\"false\" value=\"\" type=\"email\" name=\"your-email\" \/><\/span> <\/label>\n<\/p>\n<p><label> Ti\u00eau \u0111\u1ec1:<br \/>\n<span class=\"wpcf7-form-control-wrap\" data-name=\"your-subject\"><input size=\"40\" class=\"wpcf7-form-control wpcf7-text wpcf7-validates-as-required\" aria-required=\"true\" aria-invalid=\"false\" value=\"\" type=\"text\" name=\"your-subject\" \/><\/span> <\/label>\n<\/p>\n<p><label> Ghi ch\u00fa (kh\u00f4ng b\u1eaft bu\u1ed9c)<br \/>\n<span class=\"wpcf7-form-control-wrap\" data-name=\"your-message\"><textarea cols=\"40\" rows=\"10\" class=\"wpcf7-form-control wpcf7-textarea\" aria-invalid=\"false\" name=\"your-message\"><\/textarea><\/span> <\/label>\n<\/p>\n<p><input class=\"wpcf7-form-control wpcf7-submit has-spinner\" type=\"submit\" value=\"Send\" \/>\n<\/p><div class=\"wpcf7-response-output\" aria-hidden=\"true\"><\/div>\n<input type=\"hidden\" name=\"trp-form-language\" value=\"en\"\/><\/form>\n<\/div>\n\n\t\t<\/div>\n\t\t\t\t\t<\/div>\n\n\t\n\n\t<div id=\"col-2018404130\" class=\"col medium-6 small-12 large-6\"  >\n\t\t\t\t<div class=\"col-inner\"  >\n\t\t\t\n\t\t\t\n<p><iframe src=\"https:\/\/www.google.com\/maps\/embed?pb=!1m18!1m12!1m3!1d3918.396108011347!2d106.74765588511808!3d10.857447030111741!2m3!1f0!2f0!3f0!3m2!1i1024!2i768!4f13.1!3m3!1m2!1s0x31752793fbe570b1%3A0x898232b5e21a9f1e!2zNDkgxJAuIHPhu5EgNSwgTGluaCBUw6J5LCBUaOG7pyDEkOG7qWMsIFRow6BuaCBwaOG7kSBI4buTIENow60gTWluaCwgVmnhu4d0IE5hbQ!5e0!3m2!1svi!2s!4v1704253249699!5m2!1svi!2s\" width=\"600\" height=\"450\" style=\"border:0;\" allowfullscreen=\"\" loading=\"lazy\" referrerpolicy=\"no-referrer-when-downgrade\"><\/iframe><\/p>\n\t\t<\/div>\n\t\t\t\t\t<\/div>\n\n\t\n\n<style>\n#row-1764793012 > .col > .col-inner {\n  padding: 20px 10px 10px 10px;\n  background-color: rgb(255,255,255);\n  border-radius: 5px;\n}\n<\/style>\n<\/div>\n\t\t<\/div>\n\n\t\t\n<style>\n#section_1610421690 {\n  padding-top: 30px;\n  padding-bottom: 30px;\n}\n<\/style>\n\t<\/section>","protected":false},"excerpt":{"rendered":"","protected":false},"author":1,"featured_media":0,"parent":0,"menu_order":0,"comment_status":"closed","ping_status":"closed","template":"page-blank.php","meta":{"footnotes":""},"acf":[],"yoast_head":"<!-- This site is optimized with the Yoast SEO Premium plugin v21.7 (Yoast SEO v21.7) - https:\/\/yoast.com\/wordpress\/plugins\/seo\/ -->\n<title>Li\u00ean h\u1ec7 - Thi\u1ebft b\u1ecb l\u1ea1nh c\u00f4ng nghi\u1ec7p<\/title>\n<meta name=\"robots\" content=\"index, follow, max-snippet:-1, max-image-preview:large, max-video-preview:-1\" \/>\n<link rel=\"canonical\" href=\"https:\/\/thietbilanhcongnghiep.com.vn\/en\/lien-he\/\" \/>\n<meta property=\"og:locale\" content=\"en_US\" \/>\n<meta property=\"og:type\" content=\"article\" \/>\n<meta property=\"og:title\" content=\"Li\u00ean h\u1ec7\" \/>\n<meta property=\"og:url\" content=\"https:\/\/thietbilanhcongnghiep.com.vn\/en\/lien-he\/\" \/>\n<meta property=\"og:site_name\" content=\"Thi\u1ebft b\u1ecb l\u1ea1nh c\u00f4ng nghi\u1ec7p\" \/>\n<meta property=\"article:modified_time\" content=\"2024-01-02T22:32:25+00:00\" \/>\n<meta name=\"twitter:card\" content=\"summary_large_image\" \/>\n<meta name=\"twitter:label1\" content=\"Est. reading time\" \/>\n\t<meta name=\"twitter:data1\" content=\"1 minute\" \/>\n<script type=\"application\/ld+json\" class=\"yoast-schema-graph\">{\"@context\":\"https:\/\/schema.org\",\"@graph\":[{\"@type\":\"WebPage\",\"@id\":\"https:\/\/thietbilanhcongnghiep.com.vn\/lien-he\/\",\"url\":\"https:\/\/thietbilanhcongnghiep.com.vn\/lien-he\/\",\"name\":\"Li\u00ean h\u1ec7 - Thi\u1ebft b\u1ecb l\u1ea1nh c\u00f4ng nghi\u1ec7p\",\"isPartOf\":{\"@id\":\"https:\/\/thietbilanhcongnghiep.com.vn\/#website\"},\"datePublished\":\"2023-10-12T01:42:31+00:00\",\"dateModified\":\"2024-01-02T22:32:25+00:00\",\"breadcrumb\":{\"@id\":\"https:\/\/thietbilanhcongnghiep.com.vn\/lien-he\/#breadcrumb\"},\"inLanguage\":\"en-US\",\"potentialAction\":[{\"@type\":\"ReadAction\",\"target\":[\"https:\/\/thietbilanhcongnghiep.com.vn\/lien-he\/\"]}]},{\"@type\":\"BreadcrumbList\",\"@id\":\"https:\/\/thietbilanhcongnghiep.com.vn\/lien-he\/#breadcrumb\",\"itemListElement\":[{\"@type\":\"ListItem\",\"position\":1,\"name\":\"Trang ch\u1ee7\",\"item\":\"https:\/\/thietbilanhcongnghiep.com.vn\/\"},{\"@type\":\"ListItem\",\"position\":2,\"name\":\"Li\u00ean h\u1ec7\"}]},{\"@type\":\"WebSite\",\"@id\":\"https:\/\/thietbilanhcongnghiep.com.vn\/#website\",\"url\":\"https:\/\/thietbilanhcongnghiep.com.vn\/\",\"name\":\"Thi\u1ebft b\u1ecb l\u1ea1nh c\u00f4ng nghi\u1ec7p\",\"description\":\"Nh\u00e0 ph\u00e2n ph\u1ed1i Parker, Biso\",\"potentialAction\":[{\"@type\":\"SearchAction\",\"target\":{\"@type\":\"EntryPoint\",\"urlTemplate\":\"https:\/\/thietbilanhcongnghiep.com.vn\/?s={search_term_string}\"},\"query-input\":\"required name=search_term_string\"}],\"inLanguage\":\"en-US\"}]}<\/script>\n<!-- \/ Yoast SEO Premium plugin. -->","yoast_head_json":{"title":"Li\u00ean h\u1ec7 - Thi\u1ebft b\u1ecb l\u1ea1nh c\u00f4ng nghi\u1ec7p","robots":{"index":"index","follow":"follow","max-snippet":"max-snippet:-1","max-image-preview":"max-image-preview:large","max-video-preview":"max-video-preview:-1"},"canonical":"https:\/\/thietbilanhcongnghiep.com.vn\/en\/lien-he\/","og_locale":"en_US","og_type":"article","og_title":"Li\u00ean h\u1ec7","og_url":"https:\/\/thietbilanhcongnghiep.com.vn\/en\/lien-he\/","og_site_name":"Thi\u1ebft b\u1ecb l\u1ea1nh c\u00f4ng nghi\u1ec7p","article_modified_time":"2024-01-02T22:32:25+00:00","twitter_card":"summary_large_image","twitter_misc":{"Est. reading time":"1 minute"},"schema":{"@context":"https:\/\/schema.org","@graph":[{"@type":"WebPage","@id":"https:\/\/thietbilanhcongnghiep.com.vn\/lien-he\/","url":"https:\/\/thietbilanhcongnghiep.com.vn\/lien-he\/","name":"Li\u00ean h\u1ec7 - Thi\u1ebft b\u1ecb l\u1ea1nh c\u00f4ng nghi\u1ec7p","isPartOf":{"@id":"https:\/\/thietbilanhcongnghiep.com.vn\/#website"},"datePublished":"2023-10-12T01:42:31+00:00","dateModified":"2024-01-02T22:32:25+00:00","breadcrumb":{"@id":"https:\/\/thietbilanhcongnghiep.com.vn\/lien-he\/#breadcrumb"},"inLanguage":"en-US","potentialAction":[{"@type":"ReadAction","target":["https:\/\/thietbilanhcongnghiep.com.vn\/lien-he\/"]}]},{"@type":"BreadcrumbList","@id":"https:\/\/thietbilanhcongnghiep.com.vn\/lien-he\/#breadcrumb","itemListElement":[{"@type":"ListItem","position":1,"name":"Trang ch\u1ee7","item":"https:\/\/thietbilanhcongnghiep.com.vn\/"},{"@type":"ListItem","position":2,"name":"Li\u00ean h\u1ec7"}]},{"@type":"WebSite","@id":"https:\/\/thietbilanhcongnghiep.com.vn\/#website","url":"https:\/\/thietbilanhcongnghiep.com.vn\/","name":"Thi\u1ebft b\u1ecb l\u1ea1nh c\u00f4ng nghi\u1ec7p","description":"Nh\u00e0 ph\u00e2n ph\u1ed1i Parker, Biso","potentialAction":[{"@type":"SearchAction","target":{"@type":"EntryPoint","urlTemplate":"https:\/\/thietbilanhcongnghiep.com.vn\/?s={search_term_string}"},"query-input":"required name=search_term_string"}],"inLanguage":"en-US"}]}},"_links":{"self":[{"href":"https:\/\/thietbilanhcongnghiep.com.vn\/en\/wp-json\/wp\/v2\/pages\/112"}],"collection":[{"href":"https:\/\/thietbilanhcongnghiep.com.vn\/en\/wp-json\/wp\/v2\/pages"}],"about":[{"href":"https:\/\/thietbilanhcongnghiep.com.vn\/en\/wp-json\/wp\/v2\/types\/page"}],"author":[{"embeddable":true,"href":"https:\/\/thietbilanhcongnghiep.com.vn\/en\/wp-json\/wp\/v2\/users\/1"}],"replies":[{"embeddable":true,"href":"https:\/\/thietbilanhcongnghiep.com.vn\/en\/wp-json\/wp\/v2\/comments?post=112"}],"version-history":[{"count":16,"href":"https:\/\/thietbilanhcongnghiep.com.vn\/en\/wp-json\/wp\/v2\/pages\/112\/revisions"}],"predecessor-version":[{"id":1030,"href":"https:\/\/thietbilanhcongnghiep.com.vn\/en\/wp-json\/wp\/v2\/pages\/112\/revisions\/1030"}],"wp:attachment":[{"href":"https:\/\/thietbilanhcongnghiep.com.vn\/en\/wp-json\/wp\/v2\/media?parent=112"}],"curies":[{"name":"wp","href":"https:\/\/api.w.org\/{rel}","templated":true}]}}