{"id":12,"date":"2023-10-11T09:04:58","date_gmt":"2023-10-11T02:04:58","guid":{"rendered":"https:\/\/gachoplatgiatot.123websitedev.com\/?page_id=12"},"modified":"2024-01-03T06:08:34","modified_gmt":"2024-01-02T23:08:34","slug":"chinh-sach-doi-tra-hoan-tien","status":"publish","type":"page","link":"https:\/\/thietbilanhcongnghiep.com.vn\/en\/chinh-sach-doi-tra-hoan-tien\/","title":{"rendered":"Refund return policy"},"content":{"rendered":"<p><strong>Return policy <\/strong><\/p>\r\n<ol>\r\n<li><strong>Qui \u0111\u1ecbnh chung<\/strong><\/li>\r\n<\/ol>\r\n<ul>\r\n<li>Ch\u00fang t\u00f4i b\u00e1n h\u00e0ng v\u1edbi ti\u00eau ch\u00ed h\u1ee3p t\u00e1c hai b\u00ean c\u00f9ng c\u00f3 l\u1ee3i. N\u00ean ch\u00fang t\u00f4i s\u1ebd h\u1ed7 tr\u1ee3 kh\u00e1ch h\u00e0ng s\u1ea3n ph\u1ea9m m\u1edbi n\u1ebfu s\u1ea3n ph\u1ea9m b\u1ecb l\u1ed7i k\u1ef9 thu\u1eadt c\u1ee7a nh\u00e0 s\u1ea3n xu\u1ea5t .<\/li>\r\n<li>Nh\u1eefng tr\u01b0\u1eddng h\u1ee3p kh\u00e1c qu\u00ed kh\u00e1ch li\u00ean h\u1ec7 tr\u1ef1c ti\u1ebfp v\u1edbi ch\u00fang t\u00f4i \u0111\u1ec3 c\u00f3 ph\u01b0\u01a1ng \u00e1n \u0111\u1ed5i tr\u1ea3 v\u1edbi chi ph\u00ed h\u1ee3p l\u00fd nh\u1ea5t c\u00f3 th\u1ec3.<\/li>\r\n<li>Qui tr\u00ecnh \u0111\u1ed5i tr\u1ea3 h\u00e0ng: Qu\u00ed kh\u00e1ch li\u00ean h\u1ec7 tr\u1ef1c ti\u1ebfp v\u1edbi ch\u00fang t\u00f4i.<\/li>\r\n<li>Th\u1eddi gian \u0111\u1ed5i tr\u1ea3 h\u00e0ng t\u1eeb 5 \u0111\u1ebfn 7 ng\u00e0y ho\u1eb7c s\u1edbm hay tr\u1ec3 h\u01a1n t\u00f9y t\u1eebng s\u1ea3n ph\u1ea9m c\u1ee5 th\u1ec3<\/li>\r\n<\/ul>\r\n<ol start=\"2\">\r\n<li><strong>\u0110i\u1ec1u ki\u1ec7n \u0111\u01b0\u1ee3c \u0111\u1ed5i tr\u1ea3 s\u1ea3n ph\u1ea9m <\/strong><\/li>\r\n<\/ol>\r\n<ul>\r\n<li>S\u1ea3n ph\u1ea9m kh\u00f4ng \u0111\u00fang ch\u1ee7ng lo\u1ea1i nh\u01b0 y\u00eau c\u1ea7u \u0111\u1eb7t h\u00e0ng.<\/li>\r\n<li>S\u1ea3n ph\u1ea9m b\u1ecb l\u1ed7i k\u1ef9 thu\u1eadt c\u1ee7a nh\u00e0 s\u1ea3n xu\u1ea5t<\/li>\r\n<li>S\u1ea3n ph\u1ea9m \u0111\u1ed5i tr\u1ea3 ph\u1ea3i c\u00f2n nguy\u00ean bao b\u00ec kh\u00f4ng n\u1ee9t b\u1ec3 r\u00e1ch n\u00e1t .<\/li>\r\n<li>Gi\u1ea3i quy\u1ebft \u0111\u1ed5i tr\u1ea3 h\u00e0ng trong gi\u1edd h\u00e0nh ch\u00e1nh.<\/li>\r\n<\/ul>\r\n<ol start=\"3\">\r\n<li><strong>Tr\u01b0\u1eddng h\u1ee3p kh\u00f4ng \u0111\u01b0\u1ee3c \u0111\u1ed5i tr\u1ea3<\/strong><\/li>\r\n<\/ol>\r\n<ul>\r\n<li>G\u1ea1ch \u1ed1p l\u00e1t kh\u00f4ng \u0111\u01b0\u1ee3c tr\u1ea3 qu\u00e1 10% kh\u1ed1i l\u01b0\u1ee3ng \u0111\u00e3 mua .<\/li>\r\n<li>Kh\u00e1ch h\u00e0ng \u0111\u00e3 k\u00fd x\u00e1c nh\u1eadn ki\u1ec3m tra h\u00e0ng h\u00f3a v\u00e0 nh\u1eadn h\u00e0ng nh\u01b0ng sau \u0111\u00f3 th\u00f4ng b\u00e1o s\u1ea3n ph\u1ea9m b\u1ecb b\u1ec3 v\u1edf tr\u1ea7y x\u01b0\u1edbc .<\/li>\r\n<li>Qu\u00ed kh\u00e1ch mu\u1ed1n thay \u0111\u1ed5i s\u1ea3n ph\u1ea9m m\u00e0 kh\u00f4ng b\u00e1o tr\u01b0\u1edbc khi xe giao h\u00e0ng c\u1ee7a ch\u00fang t\u00f4i \u0111\u00e3 \u0111i .<\/li>\r\n<li>Nh\u1eefng s\u1ea3n ph\u1ea9m m\u00e0 nh\u00e0 s\u1ea3n xu\u1ea5t y\u00eau c\u1ea7u kh\u00f4ng \u0111\u01b0\u1ee3c \u0111\u1ed5i tr\u1ea3 ngay t\u1eeb l\u00fac \u0111\u1ea7u.<\/li>\r\n<\/ul>","protected":false},"excerpt":{"rendered":"<p>Ch\u00ednh s\u00e1ch \u0111\u1ed5i tr\u1ea3 h\u00e0ng Qui \u0111\u1ecbnh chung Ch\u00fang t\u00f4i b\u00e1n h\u00e0ng v\u1edbi ti\u00eau ch\u00ed h\u1ee3p t\u00e1c hai b\u00ean c\u00f9ng c\u00f3 l\u1ee3i. N\u00ean ch\u00fang t\u00f4i s\u1ebd h\u1ed7 tr\u1ee3 kh\u00e1ch h\u00e0ng s\u1ea3n ph\u1ea9m m\u1edbi n\u1ebfu s\u1ea3n ph\u1ea9m b\u1ecb l\u1ed7i k\u1ef9 thu\u1eadt c\u1ee7a nh\u00e0 s\u1ea3n xu\u1ea5t . Nh\u1eefng tr\u01b0\u1eddng h\u1ee3p kh\u00e1c qu\u00ed kh\u00e1ch li\u00ean h\u1ec7 tr\u1ef1c ti\u1ebfp&#8230;<\/p>","protected":false},"author":1,"featured_media":0,"parent":0,"menu_order":0,"comment_status":"closed","ping_status":"closed","template":"","meta":{"footnotes":""},"acf":[],"yoast_head":"<!-- This site is optimized with the Yoast SEO Premium plugin v21.7 (Yoast SEO v21.7) - https:\/\/yoast.com\/wordpress\/plugins\/seo\/ -->\n<title>Ch\u00ednh s\u00e1ch \u0111\u1ed5i tr\u1ea3 ho\u00e0n ti\u1ec1n - Thi\u1ebft b\u1ecb l\u1ea1nh c\u00f4ng nghi\u1ec7p<\/title>\n<meta name=\"robots\" content=\"index, follow, max-snippet:-1, max-image-preview:large, max-video-preview:-1\" \/>\n<link rel=\"canonical\" href=\"https:\/\/thietbilanhcongnghiep.com.vn\/en\/chinh-sach-doi-tra-hoan-tien\/\" \/>\n<meta property=\"og:locale\" content=\"en_US\" \/>\n<meta property=\"og:type\" content=\"article\" \/>\n<meta property=\"og:title\" content=\"Ch\u00ednh s\u00e1ch \u0111\u1ed5i tr\u1ea3 ho\u00e0n ti\u1ec1n\" \/>\n<meta property=\"og:description\" content=\"Ch\u00ednh s\u00e1ch \u0111\u1ed5i tr\u1ea3 h\u00e0ng Qui \u0111\u1ecbnh chung Ch\u00fang t\u00f4i b\u00e1n h\u00e0ng v\u1edbi ti\u00eau ch\u00ed h\u1ee3p t\u00e1c hai b\u00ean c\u00f9ng c\u00f3 l\u1ee3i. N\u00ean ch\u00fang t\u00f4i s\u1ebd h\u1ed7 tr\u1ee3 kh\u00e1ch h\u00e0ng s\u1ea3n ph\u1ea9m m\u1edbi n\u1ebfu s\u1ea3n ph\u1ea9m b\u1ecb l\u1ed7i k\u1ef9 thu\u1eadt c\u1ee7a nh\u00e0 s\u1ea3n xu\u1ea5t . Nh\u1eefng tr\u01b0\u1eddng h\u1ee3p kh\u00e1c qu\u00ed kh\u00e1ch li\u00ean h\u1ec7 tr\u1ef1c ti\u1ebfp...\" \/>\n<meta property=\"og:url\" content=\"https:\/\/thietbilanhcongnghiep.com.vn\/en\/chinh-sach-doi-tra-hoan-tien\/\" \/>\n<meta property=\"og:site_name\" content=\"Thi\u1ebft b\u1ecb l\u1ea1nh c\u00f4ng nghi\u1ec7p\" \/>\n<meta property=\"article:modified_time\" content=\"2024-01-02T23:08:34+00:00\" \/>\n<meta name=\"twitter:card\" content=\"summary_large_image\" \/>\n<meta name=\"twitter:label1\" content=\"Est. reading time\" \/>\n\t<meta name=\"twitter:data1\" content=\"2 minutes\" \/>\n<script type=\"application\/ld+json\" class=\"yoast-schema-graph\">{\"@context\":\"https:\/\/schema.org\",\"@graph\":[{\"@type\":\"WebPage\",\"@id\":\"https:\/\/thietbilanhcongnghiep.com.vn\/chinh-sach-doi-tra-hoan-tien\/\",\"url\":\"https:\/\/thietbilanhcongnghiep.com.vn\/chinh-sach-doi-tra-hoan-tien\/\",\"name\":\"Ch\u00ednh s\u00e1ch \u0111\u1ed5i tr\u1ea3 ho\u00e0n ti\u1ec1n - Thi\u1ebft b\u1ecb l\u1ea1nh c\u00f4ng nghi\u1ec7p\",\"isPartOf\":{\"@id\":\"https:\/\/thietbilanhcongnghiep.com.vn\/#website\"},\"datePublished\":\"2023-10-11T02:04:58+00:00\",\"dateModified\":\"2024-01-02T23:08:34+00:00\",\"breadcrumb\":{\"@id\":\"https:\/\/thietbilanhcongnghiep.com.vn\/chinh-sach-doi-tra-hoan-tien\/#breadcrumb\"},\"inLanguage\":\"en-US\",\"potentialAction\":[{\"@type\":\"ReadAction\",\"target\":[\"https:\/\/thietbilanhcongnghiep.com.vn\/chinh-sach-doi-tra-hoan-tien\/\"]}]},{\"@type\":\"BreadcrumbList\",\"@id\":\"https:\/\/thietbilanhcongnghiep.com.vn\/chinh-sach-doi-tra-hoan-tien\/#breadcrumb\",\"itemListElement\":[{\"@type\":\"ListItem\",\"position\":1,\"name\":\"Trang ch\u1ee7\",\"item\":\"https:\/\/thietbilanhcongnghiep.com.vn\/\"},{\"@type\":\"ListItem\",\"position\":2,\"name\":\"Ch\u00ednh s\u00e1ch \u0111\u1ed5i tr\u1ea3 ho\u00e0n ti\u1ec1n\"}]},{\"@type\":\"WebSite\",\"@id\":\"https:\/\/thietbilanhcongnghiep.com.vn\/#website\",\"url\":\"https:\/\/thietbilanhcongnghiep.com.vn\/\",\"name\":\"Thi\u1ebft b\u1ecb l\u1ea1nh c\u00f4ng nghi\u1ec7p\",\"description\":\"Nh\u00e0 ph\u00e2n ph\u1ed1i Parker, Biso\",\"potentialAction\":[{\"@type\":\"SearchAction\",\"target\":{\"@type\":\"EntryPoint\",\"urlTemplate\":\"https:\/\/thietbilanhcongnghiep.com.vn\/?s={search_term_string}\"},\"query-input\":\"required name=search_term_string\"}],\"inLanguage\":\"en-US\"}]}<\/script>\n<!-- \/ Yoast SEO Premium plugin. -->","yoast_head_json":{"title":"Ch\u00ednh s\u00e1ch \u0111\u1ed5i tr\u1ea3 ho\u00e0n ti\u1ec1n - Thi\u1ebft b\u1ecb l\u1ea1nh c\u00f4ng nghi\u1ec7p","robots":{"index":"index","follow":"follow","max-snippet":"max-snippet:-1","max-image-preview":"max-image-preview:large","max-video-preview":"max-video-preview:-1"},"canonical":"https:\/\/thietbilanhcongnghiep.com.vn\/en\/chinh-sach-doi-tra-hoan-tien\/","og_locale":"en_US","og_type":"article","og_title":"Ch\u00ednh s\u00e1ch \u0111\u1ed5i tr\u1ea3 ho\u00e0n ti\u1ec1n","og_description":"Ch\u00ednh s\u00e1ch \u0111\u1ed5i tr\u1ea3 h\u00e0ng Qui \u0111\u1ecbnh chung Ch\u00fang t\u00f4i b\u00e1n h\u00e0ng v\u1edbi ti\u00eau ch\u00ed h\u1ee3p t\u00e1c hai b\u00ean c\u00f9ng c\u00f3 l\u1ee3i. N\u00ean ch\u00fang t\u00f4i s\u1ebd h\u1ed7 tr\u1ee3 kh\u00e1ch h\u00e0ng s\u1ea3n ph\u1ea9m m\u1edbi n\u1ebfu s\u1ea3n ph\u1ea9m b\u1ecb l\u1ed7i k\u1ef9 thu\u1eadt c\u1ee7a nh\u00e0 s\u1ea3n xu\u1ea5t . Nh\u1eefng tr\u01b0\u1eddng h\u1ee3p kh\u00e1c qu\u00ed kh\u00e1ch li\u00ean h\u1ec7 tr\u1ef1c ti\u1ebfp...","og_url":"https:\/\/thietbilanhcongnghiep.com.vn\/en\/chinh-sach-doi-tra-hoan-tien\/","og_site_name":"Thi\u1ebft b\u1ecb l\u1ea1nh c\u00f4ng nghi\u1ec7p","article_modified_time":"2024-01-02T23:08:34+00:00","twitter_card":"summary_large_image","twitter_misc":{"Est. reading time":"2 minutes"},"schema":{"@context":"https:\/\/schema.org","@graph":[{"@type":"WebPage","@id":"https:\/\/thietbilanhcongnghiep.com.vn\/chinh-sach-doi-tra-hoan-tien\/","url":"https:\/\/thietbilanhcongnghiep.com.vn\/chinh-sach-doi-tra-hoan-tien\/","name":"Ch\u00ednh s\u00e1ch \u0111\u1ed5i tr\u1ea3 ho\u00e0n ti\u1ec1n - Thi\u1ebft b\u1ecb l\u1ea1nh c\u00f4ng nghi\u1ec7p","isPartOf":{"@id":"https:\/\/thietbilanhcongnghiep.com.vn\/#website"},"datePublished":"2023-10-11T02:04:58+00:00","dateModified":"2024-01-02T23:08:34+00:00","breadcrumb":{"@id":"https:\/\/thietbilanhcongnghiep.com.vn\/chinh-sach-doi-tra-hoan-tien\/#breadcrumb"},"inLanguage":"en-US","potentialAction":[{"@type":"ReadAction","target":["https:\/\/thietbilanhcongnghiep.com.vn\/chinh-sach-doi-tra-hoan-tien\/"]}]},{"@type":"BreadcrumbList","@id":"https:\/\/thietbilanhcongnghiep.com.vn\/chinh-sach-doi-tra-hoan-tien\/#breadcrumb","itemListElement":[{"@type":"ListItem","position":1,"name":"Trang ch\u1ee7","item":"https:\/\/thietbilanhcongnghiep.com.vn\/"},{"@type":"ListItem","position":2,"name":"Ch\u00ednh s\u00e1ch \u0111\u1ed5i tr\u1ea3 ho\u00e0n ti\u1ec1n"}]},{"@type":"WebSite","@id":"https:\/\/thietbilanhcongnghiep.com.vn\/#website","url":"https:\/\/thietbilanhcongnghiep.com.vn\/","name":"Thi\u1ebft b\u1ecb l\u1ea1nh c\u00f4ng nghi\u1ec7p","description":"Nh\u00e0 ph\u00e2n ph\u1ed1i Parker, Biso","potentialAction":[{"@type":"SearchAction","target":{"@type":"EntryPoint","urlTemplate":"https:\/\/thietbilanhcongnghiep.com.vn\/?s={search_term_string}"},"query-input":"required name=search_term_string"}],"inLanguage":"en-US"}]}},"_links":{"self":[{"href":"https:\/\/thietbilanhcongnghiep.com.vn\/en\/wp-json\/wp\/v2\/pages\/12"}],"collection":[{"href":"https:\/\/thietbilanhcongnghiep.com.vn\/en\/wp-json\/wp\/v2\/pages"}],"about":[{"href":"https:\/\/thietbilanhcongnghiep.com.vn\/en\/wp-json\/wp\/v2\/types\/page"}],"author":[{"embeddable":true,"href":"https:\/\/thietbilanhcongnghiep.com.vn\/en\/wp-json\/wp\/v2\/users\/1"}],"replies":[{"embeddable":true,"href":"https:\/\/thietbilanhcongnghiep.com.vn\/en\/wp-json\/wp\/v2\/comments?post=12"}],"version-history":[{"count":5,"href":"https:\/\/thietbilanhcongnghiep.com.vn\/en\/wp-json\/wp\/v2\/pages\/12\/revisions"}],"predecessor-version":[{"id":1048,"href":"https:\/\/thietbilanhcongnghiep.com.vn\/en\/wp-json\/wp\/v2\/pages\/12\/revisions\/1048"}],"wp:attachment":[{"href":"https:\/\/thietbilanhcongnghiep.com.vn\/en\/wp-json\/wp\/v2\/media?parent=12"}],"curies":[{"name":"wp","href":"https:\/\/api.w.org\/{rel}","templated":true}]}}