{"id":121,"date":"2023-10-12T09:35:33","date_gmt":"2023-10-12T02:35:33","guid":{"rendered":"https:\/\/gachoplatgiatot.123websitedev.com\/?page_id=121"},"modified":"2024-01-03T06:08:42","modified_gmt":"2024-01-02T23:08:42","slug":"chinh-sach-van-chuyen","status":"publish","type":"page","link":"https:\/\/thietbilanhcongnghiep.com.vn\/en\/chinh-sach-van-chuyen\/","title":{"rendered":"Shipping policy"},"content":{"rendered":"<p><strong>Ch\u00ednh s\u00e1ch giao h\u00e0ng\u00a0<\/strong><\/p>\n<ol>\n<li>Ph\u1ea1m vi giao h\u00e0ng :\u00a0 \u00a0\u00a0\u00a0\u00a0\u00a0\u00a0\u00a0\u00a0 <strong>Giao h\u00e0ng to\u00e0n qu\u1ed1c.<\/strong><\/li>\n<li>Giao h\u00e0ng mi\u1ec5n ph\u00ed : \u00a0\u00a0\u00a0\u00a0\u00a0\u00a0 Giao h\u00e0ng mi\u1ec5n ph\u00ed \u1edf khu v\u1ef1c n\u1ed9i th\u00e0nh c\u1ee7a\u00a0 th\u00e0nh ph\u1ed1 H\u1ed3 Ch\u00ed Minh\u00a0 v\u1edbi \u0111\u01a1n h\u00e0ng t\u1eeb\u00a0 \u00a03 .000.000\u00a0 ( ba tri\u1ec7u \u0111\u1ed3ng ) tr\u1edf l\u00ean.<\/li>\n<li>Giao h\u00e0ng t\u00ednh ph\u00ed : B\u00ean c\u00f4ng ty ch\u00fang t\u00f4i s\u1ebd th\u00f4ng b\u00e1o chi ph\u00ed giao h\u00e0ng c\u1ee5 th\u1ec3 t\u1eebng \u0111\u01a1n h\u00e0ng tr\u01b0\u1edbc khi b\u1ea1n ti\u1ebfn h\u00e0nh\u00a0 thanh to\u00e1n .<\/li>\n<li>Th\u1eddi gian giao h\u00e0ng : T\u00f9y \u0111\u01a1n h\u00e0ng c\u1ee5 th\u1ec3\u00a0 giao \u0111\u1ed9ng t\u1eeb 1 \u0111\u1ebfn 3 ng\u00e0y t\u00ednh t\u1eeb l\u00fac ch\u1ed1t \u0111\u01a1n h\u00e0ng<\/li>\n<li>Qui \u0111\u1ecbnh v\u1ec1 giao nh\u1eadn h\u00e0ng h\u00f3a: Kh\u00e1ch h\u00e0ng ki\u1ec3m tra h\u00e0ng h\u00f3a tr\u01b0\u1edbc khi k\u00fd nh\u1eadn h\u00e0ng. Khi ph\u00e1t hi\u1ec7n h\u00e0ng h\u00f3a b\u1ecb tr\u1ea7y, b\u1ec3, h\u01b0, kh\u00f4ng \u0111\u00fang ch\u1ee7ng lo\u1ea1i theo y\u00eau c\u1ea7u th\u00ec ghi nh\u1eadn ngay tr\u00ean phi\u1ebfu giao h\u00e0ng v\u00e0 g\u1ecdi \u0111i\u1ec7n ngay s\u1ed1 hotline cho ch\u00fang t\u00f4i.<\/li>\n<li>C\u00e1c qui \u0111\u1ecbnh kh\u00e1c :<\/li>\n<\/ol>\n<ul>\n<li>H\u00e0ng h\u00f3a ch\u1ec9 \u0111\u01b0\u1ee3c giao \u0111\u00fang \u0111\u1ecba ch\u1ec9 khi kh\u00e1ch h\u00e0ng y\u00eau c\u1ea7u l\u00fac \u0111\u1eb7t h\u00e0ng<\/li>\n<li>Tr\u01b0\u1eddng h\u1ee3p h\u1ebbm nh\u1ecf xe v\u00e0o kh\u00f4ng \u0111\u01b0\u1ee3c kh\u00e1ch h\u00e0ng ph\u1ea3i cho ng\u01b0\u1eddi ra nh\u1eadn t\u1ea1i v\u1ecb tr\u00ed xe c\u00f3 th\u1ec3 d\u1eebng \u0111\u1ec3 giao h\u00e0ng.<\/li>\n<li>Tr\u01b0\u1eddng h\u1ee3p v\u00ec m\u1ed9t l\u00fd do n\u00e0o \u0111\u00f3 h\u00e0ng h\u00f3a \u0111\u01b0\u1ee3c giao t\u1edbi n\u01a1i nh\u01b0ng kh\u00e1ch h\u00e0ng kh\u00f4ng nh\u1eadn th\u00ec ph\u1ea3i ch\u1ecbu chi ph\u00ed v\u1eadn chuy\u1ec3n v\u00e0 chi ph\u00ed nh\u1eadp kho h\u00e0ng h\u00f3a do ch\u00fang t\u00f4i \u0111\u01b0a ra .<\/li>\n<li>Tr\u01b0\u1eddng h\u1ee3p do thi\u00ean tai l\u0169 l\u1ee5t h\u1ecfa ho\u1ea1n h\u00e0ng h\u00f3a kh\u00f4ng giao k\u1ecbp th\u1eddi theo \u0111\u00fang th\u1ecfa thu\u1eadn qu\u00fd kh\u00e1ch h\u00e0ng ph\u1ea3i th\u00f4ng c\u1ea3m, ch\u00fang t\u00f4i kh\u00f4ng ph\u1ea3i b\u1ed3i th\u01b0\u1eddng chi ph\u00ed cho s\u1ef1 tr\u1ec5\u00a0 ti\u1ebfn \u0111\u1ed9 n\u1ea7y.<\/li>\n<li>Ch\u00fang t\u00f4i t\u1eeb ch\u1ed1i giao h\u00e0ng n\u1ebfu \u0111\u1ecba ch\u1ec9 giao nh\u1eadn h\u00e0ng kh\u00f4ng r\u1ecf r\u00e0ng. Kh\u00e1ch h\u00e0ng \u0111\u1ebfn c\u1eeda h\u00e0ng \u0111\u1ec3 nh\u1eadn h\u00e0ng tr\u1ef1c ti\u1ebfp.<\/li>\n<\/ul>","protected":false},"excerpt":{"rendered":"<p>Ch\u00ednh s\u00e1ch giao h\u00e0ng\u00a0 Ph\u1ea1m vi giao h\u00e0ng :\u00a0 \u00a0\u00a0\u00a0\u00a0\u00a0\u00a0\u00a0\u00a0 Giao h\u00e0ng to\u00e0n qu\u1ed1c. Giao h\u00e0ng mi\u1ec5n ph\u00ed : \u00a0\u00a0\u00a0\u00a0\u00a0\u00a0 Giao h\u00e0ng mi\u1ec5n ph\u00ed \u1edf khu v\u1ef1c n\u1ed9i th\u00e0nh c\u1ee7a\u00a0 th\u00e0nh ph\u1ed1 H\u1ed3 Ch\u00ed Minh\u00a0 v\u1edbi \u0111\u01a1n h\u00e0ng t\u1eeb\u00a0 \u00a03 .000.000\u00a0 ( ba tri\u1ec7u \u0111\u1ed3ng ) tr\u1edf l\u00ean. Giao h\u00e0ng t\u00ednh ph\u00ed : B\u00ean c\u00f4ng&#8230;<\/p>","protected":false},"author":1,"featured_media":0,"parent":0,"menu_order":0,"comment_status":"closed","ping_status":"closed","template":"","meta":{"footnotes":""},"acf":[],"yoast_head":"<!-- This site is optimized with the Yoast SEO Premium plugin v21.7 (Yoast SEO v21.7) - https:\/\/yoast.com\/wordpress\/plugins\/seo\/ -->\n<title>Ch\u00ednh s\u00e1ch v\u1eadn chuy\u1ec3n - Thi\u1ebft b\u1ecb l\u1ea1nh c\u00f4ng nghi\u1ec7p<\/title>\n<meta name=\"robots\" content=\"index, follow, max-snippet:-1, max-image-preview:large, max-video-preview:-1\" \/>\n<link rel=\"canonical\" href=\"https:\/\/thietbilanhcongnghiep.com.vn\/en\/chinh-sach-van-chuyen\/\" \/>\n<meta property=\"og:locale\" content=\"en_US\" \/>\n<meta property=\"og:type\" content=\"article\" \/>\n<meta property=\"og:title\" content=\"Ch\u00ednh s\u00e1ch v\u1eadn chuy\u1ec3n\" \/>\n<meta property=\"og:description\" content=\"Ch\u00ednh s\u00e1ch giao h\u00e0ng\u00a0 Ph\u1ea1m vi giao h\u00e0ng :\u00a0 \u00a0\u00a0\u00a0\u00a0\u00a0\u00a0\u00a0\u00a0 Giao h\u00e0ng to\u00e0n qu\u1ed1c. Giao h\u00e0ng mi\u1ec5n ph\u00ed : \u00a0\u00a0\u00a0\u00a0\u00a0\u00a0 Giao h\u00e0ng mi\u1ec5n ph\u00ed \u1edf khu v\u1ef1c n\u1ed9i th\u00e0nh c\u1ee7a\u00a0 th\u00e0nh ph\u1ed1 H\u1ed3 Ch\u00ed Minh\u00a0 v\u1edbi \u0111\u01a1n h\u00e0ng t\u1eeb\u00a0 \u00a03 .000.000\u00a0 ( ba tri\u1ec7u \u0111\u1ed3ng ) tr\u1edf l\u00ean. Giao h\u00e0ng t\u00ednh ph\u00ed : B\u00ean c\u00f4ng...\" \/>\n<meta property=\"og:url\" content=\"https:\/\/thietbilanhcongnghiep.com.vn\/en\/chinh-sach-van-chuyen\/\" \/>\n<meta property=\"og:site_name\" content=\"Thi\u1ebft b\u1ecb l\u1ea1nh c\u00f4ng nghi\u1ec7p\" \/>\n<meta property=\"article:modified_time\" content=\"2024-01-02T23:08:42+00:00\" \/>\n<meta name=\"twitter:card\" content=\"summary_large_image\" \/>\n<meta name=\"twitter:label1\" content=\"Est. reading time\" \/>\n\t<meta name=\"twitter:data1\" content=\"2 minutes\" \/>\n<script type=\"application\/ld+json\" class=\"yoast-schema-graph\">{\"@context\":\"https:\/\/schema.org\",\"@graph\":[{\"@type\":\"WebPage\",\"@id\":\"https:\/\/thietbilanhcongnghiep.com.vn\/chinh-sach-van-chuyen\/\",\"url\":\"https:\/\/thietbilanhcongnghiep.com.vn\/chinh-sach-van-chuyen\/\",\"name\":\"Ch\u00ednh s\u00e1ch v\u1eadn chuy\u1ec3n - Thi\u1ebft b\u1ecb l\u1ea1nh c\u00f4ng nghi\u1ec7p\",\"isPartOf\":{\"@id\":\"https:\/\/thietbilanhcongnghiep.com.vn\/#website\"},\"datePublished\":\"2023-10-12T02:35:33+00:00\",\"dateModified\":\"2024-01-02T23:08:42+00:00\",\"breadcrumb\":{\"@id\":\"https:\/\/thietbilanhcongnghiep.com.vn\/chinh-sach-van-chuyen\/#breadcrumb\"},\"inLanguage\":\"en-US\",\"potentialAction\":[{\"@type\":\"ReadAction\",\"target\":[\"https:\/\/thietbilanhcongnghiep.com.vn\/chinh-sach-van-chuyen\/\"]}]},{\"@type\":\"BreadcrumbList\",\"@id\":\"https:\/\/thietbilanhcongnghiep.com.vn\/chinh-sach-van-chuyen\/#breadcrumb\",\"itemListElement\":[{\"@type\":\"ListItem\",\"position\":1,\"name\":\"Trang ch\u1ee7\",\"item\":\"https:\/\/thietbilanhcongnghiep.com.vn\/\"},{\"@type\":\"ListItem\",\"position\":2,\"name\":\"Ch\u00ednh s\u00e1ch v\u1eadn chuy\u1ec3n\"}]},{\"@type\":\"WebSite\",\"@id\":\"https:\/\/thietbilanhcongnghiep.com.vn\/#website\",\"url\":\"https:\/\/thietbilanhcongnghiep.com.vn\/\",\"name\":\"Thi\u1ebft b\u1ecb l\u1ea1nh c\u00f4ng nghi\u1ec7p\",\"description\":\"Nh\u00e0 ph\u00e2n ph\u1ed1i Parker, Biso\",\"potentialAction\":[{\"@type\":\"SearchAction\",\"target\":{\"@type\":\"EntryPoint\",\"urlTemplate\":\"https:\/\/thietbilanhcongnghiep.com.vn\/?s={search_term_string}\"},\"query-input\":\"required name=search_term_string\"}],\"inLanguage\":\"en-US\"}]}<\/script>\n<!-- \/ Yoast SEO Premium plugin. -->","yoast_head_json":{"title":"Ch\u00ednh s\u00e1ch v\u1eadn chuy\u1ec3n - Thi\u1ebft b\u1ecb l\u1ea1nh c\u00f4ng nghi\u1ec7p","robots":{"index":"index","follow":"follow","max-snippet":"max-snippet:-1","max-image-preview":"max-image-preview:large","max-video-preview":"max-video-preview:-1"},"canonical":"https:\/\/thietbilanhcongnghiep.com.vn\/en\/chinh-sach-van-chuyen\/","og_locale":"en_US","og_type":"article","og_title":"Ch\u00ednh s\u00e1ch v\u1eadn chuy\u1ec3n","og_description":"Ch\u00ednh s\u00e1ch giao h\u00e0ng\u00a0 Ph\u1ea1m vi giao h\u00e0ng :\u00a0 \u00a0\u00a0\u00a0\u00a0\u00a0\u00a0\u00a0\u00a0 Giao h\u00e0ng to\u00e0n qu\u1ed1c. Giao h\u00e0ng mi\u1ec5n ph\u00ed : \u00a0\u00a0\u00a0\u00a0\u00a0\u00a0 Giao h\u00e0ng mi\u1ec5n ph\u00ed \u1edf khu v\u1ef1c n\u1ed9i th\u00e0nh c\u1ee7a\u00a0 th\u00e0nh ph\u1ed1 H\u1ed3 Ch\u00ed Minh\u00a0 v\u1edbi \u0111\u01a1n h\u00e0ng t\u1eeb\u00a0 \u00a03 .000.000\u00a0 ( ba tri\u1ec7u \u0111\u1ed3ng ) tr\u1edf l\u00ean. Giao h\u00e0ng t\u00ednh ph\u00ed : B\u00ean c\u00f4ng...","og_url":"https:\/\/thietbilanhcongnghiep.com.vn\/en\/chinh-sach-van-chuyen\/","og_site_name":"Thi\u1ebft b\u1ecb l\u1ea1nh c\u00f4ng nghi\u1ec7p","article_modified_time":"2024-01-02T23:08:42+00:00","twitter_card":"summary_large_image","twitter_misc":{"Est. reading time":"2 minutes"},"schema":{"@context":"https:\/\/schema.org","@graph":[{"@type":"WebPage","@id":"https:\/\/thietbilanhcongnghiep.com.vn\/chinh-sach-van-chuyen\/","url":"https:\/\/thietbilanhcongnghiep.com.vn\/chinh-sach-van-chuyen\/","name":"Ch\u00ednh s\u00e1ch v\u1eadn chuy\u1ec3n - Thi\u1ebft b\u1ecb l\u1ea1nh c\u00f4ng nghi\u1ec7p","isPartOf":{"@id":"https:\/\/thietbilanhcongnghiep.com.vn\/#website"},"datePublished":"2023-10-12T02:35:33+00:00","dateModified":"2024-01-02T23:08:42+00:00","breadcrumb":{"@id":"https:\/\/thietbilanhcongnghiep.com.vn\/chinh-sach-van-chuyen\/#breadcrumb"},"inLanguage":"en-US","potentialAction":[{"@type":"ReadAction","target":["https:\/\/thietbilanhcongnghiep.com.vn\/chinh-sach-van-chuyen\/"]}]},{"@type":"BreadcrumbList","@id":"https:\/\/thietbilanhcongnghiep.com.vn\/chinh-sach-van-chuyen\/#breadcrumb","itemListElement":[{"@type":"ListItem","position":1,"name":"Trang ch\u1ee7","item":"https:\/\/thietbilanhcongnghiep.com.vn\/"},{"@type":"ListItem","position":2,"name":"Ch\u00ednh s\u00e1ch v\u1eadn chuy\u1ec3n"}]},{"@type":"WebSite","@id":"https:\/\/thietbilanhcongnghiep.com.vn\/#website","url":"https:\/\/thietbilanhcongnghiep.com.vn\/","name":"Thi\u1ebft b\u1ecb l\u1ea1nh c\u00f4ng nghi\u1ec7p","description":"Nh\u00e0 ph\u00e2n ph\u1ed1i Parker, Biso","potentialAction":[{"@type":"SearchAction","target":{"@type":"EntryPoint","urlTemplate":"https:\/\/thietbilanhcongnghiep.com.vn\/?s={search_term_string}"},"query-input":"required name=search_term_string"}],"inLanguage":"en-US"}]}},"_links":{"self":[{"href":"https:\/\/thietbilanhcongnghiep.com.vn\/en\/wp-json\/wp\/v2\/pages\/121"}],"collection":[{"href":"https:\/\/thietbilanhcongnghiep.com.vn\/en\/wp-json\/wp\/v2\/pages"}],"about":[{"href":"https:\/\/thietbilanhcongnghiep.com.vn\/en\/wp-json\/wp\/v2\/types\/page"}],"author":[{"embeddable":true,"href":"https:\/\/thietbilanhcongnghiep.com.vn\/en\/wp-json\/wp\/v2\/users\/1"}],"replies":[{"embeddable":true,"href":"https:\/\/thietbilanhcongnghiep.com.vn\/en\/wp-json\/wp\/v2\/comments?post=121"}],"version-history":[{"count":5,"href":"https:\/\/thietbilanhcongnghiep.com.vn\/en\/wp-json\/wp\/v2\/pages\/121\/revisions"}],"predecessor-version":[{"id":1049,"href":"https:\/\/thietbilanhcongnghiep.com.vn\/en\/wp-json\/wp\/v2\/pages\/121\/revisions\/1049"}],"wp:attachment":[{"href":"https:\/\/thietbilanhcongnghiep.com.vn\/en\/wp-json\/wp\/v2\/media?parent=121"}],"curies":[{"name":"wp","href":"https:\/\/api.w.org\/{rel}","templated":true}]}}