{"id":123,"date":"2023-10-12T09:35:48","date_gmt":"2023-10-12T02:35:48","guid":{"rendered":"https:\/\/gachoplatgiatot.123websitedev.com\/?page_id=123"},"modified":"2023-11-05T09:51:49","modified_gmt":"2023-11-05T02:51:49","slug":"chinh-sach-bao-hanh","status":"publish","type":"page","link":"https:\/\/thietbilanhcongnghiep.com.vn\/en\/chinh-sach-bao-hanh\/","title":{"rendered":"Warranty Policy"},"content":{"rendered":"<p><strong>Ch\u00ednh s\u00e1ch b\u1ea3o h\u00e0nh v\u00e0 ti\u00eau chu\u1ea9n ch\u1ea5t l\u01b0\u1ee3ng c\u1ee7a s\u1ea3n ph\u1ea9m<\/strong><\/p>\n<ol>\n<li>Ti\u00eau chu\u1ea9n ch\u1ea5t l\u01b0\u1ee3ng s\u1ea3n ph\u1ea9m theo ti\u1ec3u chu\u1ea9n c\u1ee7a nh\u00e0 s\u1ea3n xu\u1ea5t qui \u0111\u1ecbnh.<\/li>\n<li>Warranty Policy<\/li>\n<\/ol>\n<ul>\n<li>Thi\u1ebft b\u1ecb v\u1ec7 sinh v\u00e0 sen v\u00f2i b\u1ed3n n\u01b0\u1edbc thi\u1ebft b\u1ecb b\u1ebfp\u2026 \u0111\u01b0\u1ee3c b\u1ea3o h\u00e0nh theo qui \u0111\u1ecbnh c\u1ee5 th\u1ec3 c\u1ee7a t\u1eebng h\u00e3ng s\u1ea3n xu\u1ea5t v\u00ed d\u1ee5 nh\u01b0 : Toto, Inax, Caesar, Malloca<\/li>\n<li>G\u1ea1ch \u1ed1p l\u00e1t kh\u00f4ng b\u1ea3o h\u00e0nh. Trong qu\u00e1 tr\u00ecnh thi c\u00f4ng c\u00f3 v\u1ea5n \u0111\u1ec1 b\u1ea5t th\u01b0\u1eddng ph\u1ea3i d\u1eebng ngay v\u00e0 b\u00e1o v\u1ec1 s\u1ed1 hotline cho ch\u00fang t\u00f4i \u0111\u1ec3 c\u00f9ng nh\u00e0 s\u1ea3n xu\u1ea5t x\u1eed l\u00ed k\u1ecbp th\u1eddi. N\u1ebfu thi c\u00f4ng \u1ed1p l\u00e1t xong h\u1ebft m\u1edbi ph\u00e1t hi\u1ec7n b\u1ea5t th\u01b0\u1eddng th\u00ec ch\u00fang t\u00f4i kh\u00f4ng can thi\u1ec7p \u0111\u01b0\u1ee3c .<\/li>\n<li>S\u1ea3n ph\u1ea9m ph\u1ea3i c\u00f2n h\u1ea1ng b\u1ea3o h\u00e0nh. Th\u1eddi h\u1ea1n b\u1ea3o h\u00e0nh t\u00f9y s\u1ea3n ph\u1ea9m c\u00f3 th\u1ec3 c\u00f3 s\u1ea3n ph\u1ea9m theo ng\u00e0y s\u1ea3n xu\u1ea5t . c\u00f3 s\u1ea3n ph\u1ea9m t\u00ednh theo ng\u00e0y mua h\u00e0ng.<\/li>\n<li>Th\u1eddi gian x\u1eed l\u00fd b\u1ea3o h\u00e0nh t\u1eeb 3 \u0111\u1ebfn 7 ng\u00e0y ho\u1eb7c s\u1edbm h\u01a1n .<\/li>\n<\/ul>\n<ol start=\"3\">\n<li><strong>Tr\u01b0\u1eddng h\u1ee3p kh\u00f4ng \u0111\u01b0\u1ee3c b\u1ea3o h\u00e0nh <\/strong><\/li>\n<\/ol>\n<ul>\n<li>H\u00e0ng h\u00f3a \u0111\u01b0\u1ee3c l\u1eafp r\u00e1p kh\u00f4ng \u0111\u00fang k\u1ef9 thu\u1eadt<\/li>\n<li>Do b\u1ecb va \u0111\u1eadp trong qu\u00e1 tr\u00ecnh l\u1eafp r\u00e1p<\/li>\n<li>S\u1eed d\u1ee5ng s\u1ea3n ph\u1ea9m kh\u00f4ng \u0111\u00fang theo b\u1ea3ng h\u01b0\u1edbng d\u1eabn, c\u00f3 t\u00e1c \u0111\u1ed9ng l\u00ean s\u1ea3n ph\u1ea9m<\/li>\n<li>Phi\u1ebfu b\u1ea3o h\u00e0nh s\u1ea3n ph\u1ea9m kh\u00f4ng c\u00f2n<\/li>\n<li>S\u1ea3n ph\u1ea9m s\u1eed d\u1ee5ng trong m\u00f4i tr\u01b0\u1eddng kh\u00f4ng \u0111\u1ea1t chu\u1ea9n v\u00ed d\u1ee5 n\u01b0\u1edbc g\u00e2y \u0103n m\u00f2n .<\/li>\n<li>H\u1ebft h\u1ea1ng b\u1ea3o h\u00e0nh.<\/li>\n<\/ul>\n<ol start=\"4\">\n<li>Ngo\u00e0i li\u00ean h\u1ec7 b\u1ea3o h\u00e0nh t\u1edbi hotline ch\u00fang t\u00f4i qu\u00ed kh\u00e1ch c\u00f3 th\u1ec3 g\u1ecdi tr\u1ef1c ti\u1ebfp \u0111\u1ebfn nh\u00e0 s\u1ea3n xu\u1ea5t<\/li>\n<\/ol>\n<p>Hotline nh\u00e0 s\u1ea3n xu\u1ea5t nh\u01b0 sau:<\/p>\n<ul>\n<li>TOTO : 1800568830<\/li>\n<li>INAX : 18006633<\/li>\n<li>American Standard: 1900545460<\/li>\n<li>FERROLI: 02854045528<\/li>\n<li>MALLOCA: 18001212<\/li>\n<\/ul>\n<p>&nbsp;<\/p>","protected":false},"excerpt":{"rendered":"<p>Ch\u00ednh s\u00e1ch b\u1ea3o h\u00e0nh v\u00e0 ti\u00eau chu\u1ea9n ch\u1ea5t l\u01b0\u1ee3ng c\u1ee7a s\u1ea3n ph\u1ea9m Ti\u00eau chu\u1ea9n ch\u1ea5t l\u01b0\u1ee3ng s\u1ea3n ph\u1ea9m theo ti\u1ec3u chu\u1ea9n c\u1ee7a nh\u00e0 s\u1ea3n xu\u1ea5t qui \u0111\u1ecbnh. Ch\u00ednh s\u00e1ch b\u1ea3o h\u00e0nh Thi\u1ebft b\u1ecb v\u1ec7 sinh v\u00e0 sen v\u00f2i b\u1ed3n n\u01b0\u1edbc thi\u1ebft b\u1ecb b\u1ebfp\u2026 \u0111\u01b0\u1ee3c b\u1ea3o h\u00e0nh theo qui \u0111\u1ecbnh c\u1ee5 th\u1ec3 c\u1ee7a t\u1eebng h\u00e3ng s\u1ea3n&#8230;<\/p>","protected":false},"author":1,"featured_media":0,"parent":0,"menu_order":0,"comment_status":"closed","ping_status":"closed","template":"","meta":{"footnotes":""},"acf":[],"yoast_head":"<!-- This site is optimized with the Yoast SEO Premium plugin v21.7 (Yoast SEO v21.7) - https:\/\/yoast.com\/wordpress\/plugins\/seo\/ -->\n<title>Ch\u00ednh s\u00e1ch b\u1ea3o h\u00e0nh - Thi\u1ebft b\u1ecb l\u1ea1nh c\u00f4ng nghi\u1ec7p<\/title>\n<meta name=\"robots\" content=\"index, follow, max-snippet:-1, max-image-preview:large, max-video-preview:-1\" \/>\n<link rel=\"canonical\" href=\"https:\/\/thietbilanhcongnghiep.com.vn\/en\/chinh-sach-bao-hanh\/\" \/>\n<meta property=\"og:locale\" content=\"en_US\" \/>\n<meta property=\"og:type\" content=\"article\" \/>\n<meta property=\"og:title\" content=\"Ch\u00ednh s\u00e1ch b\u1ea3o h\u00e0nh\" \/>\n<meta property=\"og:description\" content=\"Ch\u00ednh s\u00e1ch b\u1ea3o h\u00e0nh v\u00e0 ti\u00eau chu\u1ea9n ch\u1ea5t l\u01b0\u1ee3ng c\u1ee7a s\u1ea3n ph\u1ea9m Ti\u00eau chu\u1ea9n ch\u1ea5t l\u01b0\u1ee3ng s\u1ea3n ph\u1ea9m theo ti\u1ec3u chu\u1ea9n c\u1ee7a nh\u00e0 s\u1ea3n xu\u1ea5t qui \u0111\u1ecbnh. Ch\u00ednh s\u00e1ch b\u1ea3o h\u00e0nh Thi\u1ebft b\u1ecb v\u1ec7 sinh v\u00e0 sen v\u00f2i b\u1ed3n n\u01b0\u1edbc thi\u1ebft b\u1ecb b\u1ebfp\u2026 \u0111\u01b0\u1ee3c b\u1ea3o h\u00e0nh theo qui \u0111\u1ecbnh c\u1ee5 th\u1ec3 c\u1ee7a t\u1eebng h\u00e3ng s\u1ea3n...\" \/>\n<meta property=\"og:url\" content=\"https:\/\/thietbilanhcongnghiep.com.vn\/en\/chinh-sach-bao-hanh\/\" \/>\n<meta property=\"og:site_name\" content=\"Thi\u1ebft b\u1ecb l\u1ea1nh c\u00f4ng nghi\u1ec7p\" \/>\n<meta property=\"article:modified_time\" content=\"2023-11-05T02:51:49+00:00\" \/>\n<meta name=\"twitter:card\" content=\"summary_large_image\" \/>\n<meta name=\"twitter:label1\" content=\"Est. reading time\" \/>\n\t<meta name=\"twitter:data1\" content=\"2 minutes\" \/>\n<script type=\"application\/ld+json\" class=\"yoast-schema-graph\">{\"@context\":\"https:\/\/schema.org\",\"@graph\":[{\"@type\":\"WebPage\",\"@id\":\"https:\/\/thietbilanhcongnghiep.com.vn\/chinh-sach-bao-hanh\/\",\"url\":\"https:\/\/thietbilanhcongnghiep.com.vn\/chinh-sach-bao-hanh\/\",\"name\":\"Ch\u00ednh s\u00e1ch b\u1ea3o h\u00e0nh - Thi\u1ebft b\u1ecb l\u1ea1nh c\u00f4ng nghi\u1ec7p\",\"isPartOf\":{\"@id\":\"https:\/\/thietbilanhcongnghiep.com.vn\/#website\"},\"datePublished\":\"2023-10-12T02:35:48+00:00\",\"dateModified\":\"2023-11-05T02:51:49+00:00\",\"breadcrumb\":{\"@id\":\"https:\/\/thietbilanhcongnghiep.com.vn\/chinh-sach-bao-hanh\/#breadcrumb\"},\"inLanguage\":\"en-US\",\"potentialAction\":[{\"@type\":\"ReadAction\",\"target\":[\"https:\/\/thietbilanhcongnghiep.com.vn\/chinh-sach-bao-hanh\/\"]}]},{\"@type\":\"BreadcrumbList\",\"@id\":\"https:\/\/thietbilanhcongnghiep.com.vn\/chinh-sach-bao-hanh\/#breadcrumb\",\"itemListElement\":[{\"@type\":\"ListItem\",\"position\":1,\"name\":\"Trang ch\u1ee7\",\"item\":\"https:\/\/thietbilanhcongnghiep.com.vn\/\"},{\"@type\":\"ListItem\",\"position\":2,\"name\":\"Ch\u00ednh s\u00e1ch b\u1ea3o h\u00e0nh\"}]},{\"@type\":\"WebSite\",\"@id\":\"https:\/\/thietbilanhcongnghiep.com.vn\/#website\",\"url\":\"https:\/\/thietbilanhcongnghiep.com.vn\/\",\"name\":\"Thi\u1ebft b\u1ecb l\u1ea1nh c\u00f4ng nghi\u1ec7p\",\"description\":\"Nh\u00e0 ph\u00e2n ph\u1ed1i Parker, Biso\",\"potentialAction\":[{\"@type\":\"SearchAction\",\"target\":{\"@type\":\"EntryPoint\",\"urlTemplate\":\"https:\/\/thietbilanhcongnghiep.com.vn\/?s={search_term_string}\"},\"query-input\":\"required name=search_term_string\"}],\"inLanguage\":\"en-US\"}]}<\/script>\n<!-- \/ Yoast SEO Premium plugin. -->","yoast_head_json":{"title":"Ch\u00ednh s\u00e1ch b\u1ea3o h\u00e0nh - Thi\u1ebft b\u1ecb l\u1ea1nh c\u00f4ng nghi\u1ec7p","robots":{"index":"index","follow":"follow","max-snippet":"max-snippet:-1","max-image-preview":"max-image-preview:large","max-video-preview":"max-video-preview:-1"},"canonical":"https:\/\/thietbilanhcongnghiep.com.vn\/en\/chinh-sach-bao-hanh\/","og_locale":"en_US","og_type":"article","og_title":"Ch\u00ednh s\u00e1ch b\u1ea3o h\u00e0nh","og_description":"Ch\u00ednh s\u00e1ch b\u1ea3o h\u00e0nh v\u00e0 ti\u00eau chu\u1ea9n ch\u1ea5t l\u01b0\u1ee3ng c\u1ee7a s\u1ea3n ph\u1ea9m Ti\u00eau chu\u1ea9n ch\u1ea5t l\u01b0\u1ee3ng s\u1ea3n ph\u1ea9m theo ti\u1ec3u chu\u1ea9n c\u1ee7a nh\u00e0 s\u1ea3n xu\u1ea5t qui \u0111\u1ecbnh. Ch\u00ednh s\u00e1ch b\u1ea3o h\u00e0nh Thi\u1ebft b\u1ecb v\u1ec7 sinh v\u00e0 sen v\u00f2i b\u1ed3n n\u01b0\u1edbc thi\u1ebft b\u1ecb b\u1ebfp\u2026 \u0111\u01b0\u1ee3c b\u1ea3o h\u00e0nh theo qui \u0111\u1ecbnh c\u1ee5 th\u1ec3 c\u1ee7a t\u1eebng h\u00e3ng s\u1ea3n...","og_url":"https:\/\/thietbilanhcongnghiep.com.vn\/en\/chinh-sach-bao-hanh\/","og_site_name":"Thi\u1ebft b\u1ecb l\u1ea1nh c\u00f4ng nghi\u1ec7p","article_modified_time":"2023-11-05T02:51:49+00:00","twitter_card":"summary_large_image","twitter_misc":{"Est. reading time":"2 minutes"},"schema":{"@context":"https:\/\/schema.org","@graph":[{"@type":"WebPage","@id":"https:\/\/thietbilanhcongnghiep.com.vn\/chinh-sach-bao-hanh\/","url":"https:\/\/thietbilanhcongnghiep.com.vn\/chinh-sach-bao-hanh\/","name":"Ch\u00ednh s\u00e1ch b\u1ea3o h\u00e0nh - Thi\u1ebft b\u1ecb l\u1ea1nh c\u00f4ng nghi\u1ec7p","isPartOf":{"@id":"https:\/\/thietbilanhcongnghiep.com.vn\/#website"},"datePublished":"2023-10-12T02:35:48+00:00","dateModified":"2023-11-05T02:51:49+00:00","breadcrumb":{"@id":"https:\/\/thietbilanhcongnghiep.com.vn\/chinh-sach-bao-hanh\/#breadcrumb"},"inLanguage":"en-US","potentialAction":[{"@type":"ReadAction","target":["https:\/\/thietbilanhcongnghiep.com.vn\/chinh-sach-bao-hanh\/"]}]},{"@type":"BreadcrumbList","@id":"https:\/\/thietbilanhcongnghiep.com.vn\/chinh-sach-bao-hanh\/#breadcrumb","itemListElement":[{"@type":"ListItem","position":1,"name":"Trang ch\u1ee7","item":"https:\/\/thietbilanhcongnghiep.com.vn\/"},{"@type":"ListItem","position":2,"name":"Ch\u00ednh s\u00e1ch b\u1ea3o h\u00e0nh"}]},{"@type":"WebSite","@id":"https:\/\/thietbilanhcongnghiep.com.vn\/#website","url":"https:\/\/thietbilanhcongnghiep.com.vn\/","name":"Thi\u1ebft b\u1ecb l\u1ea1nh c\u00f4ng nghi\u1ec7p","description":"Nh\u00e0 ph\u00e2n ph\u1ed1i Parker, Biso","potentialAction":[{"@type":"SearchAction","target":{"@type":"EntryPoint","urlTemplate":"https:\/\/thietbilanhcongnghiep.com.vn\/?s={search_term_string}"},"query-input":"required name=search_term_string"}],"inLanguage":"en-US"}]}},"_links":{"self":[{"href":"https:\/\/thietbilanhcongnghiep.com.vn\/en\/wp-json\/wp\/v2\/pages\/123"}],"collection":[{"href":"https:\/\/thietbilanhcongnghiep.com.vn\/en\/wp-json\/wp\/v2\/pages"}],"about":[{"href":"https:\/\/thietbilanhcongnghiep.com.vn\/en\/wp-json\/wp\/v2\/types\/page"}],"author":[{"embeddable":true,"href":"https:\/\/thietbilanhcongnghiep.com.vn\/en\/wp-json\/wp\/v2\/users\/1"}],"replies":[{"embeddable":true,"href":"https:\/\/thietbilanhcongnghiep.com.vn\/en\/wp-json\/wp\/v2\/comments?post=123"}],"version-history":[{"count":4,"href":"https:\/\/thietbilanhcongnghiep.com.vn\/en\/wp-json\/wp\/v2\/pages\/123\/revisions"}],"predecessor-version":[{"id":555,"href":"https:\/\/thietbilanhcongnghiep.com.vn\/en\/wp-json\/wp\/v2\/pages\/123\/revisions\/555"}],"wp:attachment":[{"href":"https:\/\/thietbilanhcongnghiep.com.vn\/en\/wp-json\/wp\/v2\/media?parent=123"}],"curies":[{"name":"wp","href":"https:\/\/api.w.org\/{rel}","templated":true}]}}