{"id":1009,"date":"2024-01-03T03:54:29","date_gmt":"2024-01-02T20:54:29","guid":{"rendered":"https:\/\/thietbilanhcongnghiep.123websitedev.com\/?post_type=product&#038;p=1009"},"modified":"2024-09-13T15:55:40","modified_gmt":"2024-09-13T08:55:40","slug":"van-1-chieu-dung-1c40","status":"publish","type":"product","link":"https:\/\/thietbilanhcongnghiep.com.vn\/en\/product\/van-1-chieu-dung-1c40\/","title":{"rendered":"1C40 VERTICAL 1-WAY VALVE"},"content":{"rendered":"","protected":false},"excerpt":{"rendered":"<p>Size: 1 1\/2\u2033 \u2013 5\u2033 (\u00d849 \u2013 140mm)<br \/>\nUsed for: NH3, Freon and other solvents<br \/>\nMade in China<br \/>\nCHARACTERISTIC<br \/>\n\u2013 Piston is large, precise, well sealed<br \/>\n\u2013 The valve disc is sealed with high temperature resistant Teflon<br \/>\n\u2013 Connected by flange, convenient to install and use.<br \/>\n\u2013 Easily removable inside the valve with threads<br \/>\n- Valve body is made of steel, high strength.<br \/>\nSPECIFICATIONS<br \/>\n- Durability test pressure: 45Bar<br \/>\n\u2013 Sealed test pressure: 30Bar<br \/>\n-Working temperature: -46 \u2014 150\u00b0C<\/p>","protected":false},"featured_media":1010,"comment_status":"open","ping_status":"closed","template":"","meta":[],"product_cat":[134,135],"product_tag":[],"acf":[],"yoast_head":"<!-- This site is optimized with the Yoast SEO Premium plugin v21.7 (Yoast SEO v21.7) - https:\/\/yoast.com\/wordpress\/plugins\/seo\/ -->\n<title>VAN 1 CHI\u1ec0U \u0110\u1ee8NG 1C40 - Thi\u1ebft b\u1ecb l\u1ea1nh c\u00f4ng nghi\u1ec7p<\/title>\n<meta name=\"robots\" content=\"index, follow, max-snippet:-1, max-image-preview:large, max-video-preview:-1\" \/>\n<link rel=\"canonical\" href=\"https:\/\/thietbilanhcongnghiep.com.vn\/en\/product\/van-1-chieu-dung-1c40\/\" \/>\n<meta property=\"og:locale\" content=\"en_US\" \/>\n<meta property=\"og:type\" content=\"article\" \/>\n<meta property=\"og:title\" content=\"VAN 1 CHI\u1ec0U \u0110\u1ee8NG 1C40\" \/>\n<meta property=\"og:description\" content=\"K\u00edch th\u01b0\u1edbc: 1 1\/2&quot; \u2013 5&quot; (\u00d849 \u2013 140mm) D\u00f9ng cho: NH3, Freon v\u00e0 c\u00e1c m\u00f4i ch\u1ea5t kh\u00e1c Made in China \u0110\u1eb6C \u0110I\u1ec2M - Piston l\u1edbn, ch\u00ednh x\u00e1c, k\u00edn t\u1ed1t - D\u0129a van l\u00e0m k\u00edn b\u1eb1ng Teflon ch\u1ecbu nhi\u1ec7t \u0111\u1ed9 cao - N\u1ed1i b\u1eb1ng m\u1eb7t b\u00edch, thu\u1eadn ti\u1ec7n l\u1eafp \u0111\u1eb7t v\u00e0 s\u1eed d\u1ee5ng. - D\u1ec5 d\u00e0ng th\u00e1o r\u1eddi b\u00ean trong van b\u1eb1ng ren -Th\u00e2n van b\u1eb1ng th\u00e9p, ch\u1ecbu l\u1ef1c cao. TH\u00d4NG S\u1ed0 K\u1ef8 THU\u1eacT -\u00c1p su\u1ea5t th\u1eed b\u1ec1n: 45Bar - \u00c1p su\u1ea5t th\u1eed k\u00edn: 30Bar -Nhi\u1ec7t \u0111\u1ed9 l\u00e0m vi\u1ec7c : -46 -- 150\u00b0C\" \/>\n<meta property=\"og:url\" content=\"https:\/\/thietbilanhcongnghiep.com.vn\/en\/product\/van-1-chieu-dung-1c40\/\" \/>\n<meta property=\"og:site_name\" content=\"Thi\u1ebft b\u1ecb l\u1ea1nh c\u00f4ng nghi\u1ec7p\" \/>\n<meta property=\"article:modified_time\" content=\"2024-09-13T08:55:40+00:00\" \/>\n<meta property=\"og:image\" content=\"https:\/\/thietbilanhcongnghiep.com.vn\/wp-content\/uploads\/2024\/01\/1C-40.jpg\" \/>\n\t<meta property=\"og:image:width\" content=\"690\" \/>\n\t<meta property=\"og:image:height\" content=\"866\" \/>\n\t<meta property=\"og:image:type\" content=\"image\/jpeg\" \/>\n<meta name=\"twitter:card\" content=\"summary_large_image\" \/>\n<script type=\"application\/ld+json\" class=\"yoast-schema-graph\">{\"@context\":\"https:\/\/schema.org\",\"@graph\":[{\"@type\":\"WebPage\",\"@id\":\"https:\/\/thietbilanhcongnghiep.com.vn\/san-pham\/van-1-chieu-dung-1c40\/\",\"url\":\"https:\/\/thietbilanhcongnghiep.com.vn\/san-pham\/van-1-chieu-dung-1c40\/\",\"name\":\"VAN 1 CHI\u1ec0U \u0110\u1ee8NG 1C40 - Thi\u1ebft b\u1ecb l\u1ea1nh c\u00f4ng nghi\u1ec7p\",\"isPartOf\":{\"@id\":\"https:\/\/thietbilanhcongnghiep.com.vn\/#website\"},\"datePublished\":\"2024-01-02T20:54:29+00:00\",\"dateModified\":\"2024-09-13T08:55:40+00:00\",\"breadcrumb\":{\"@id\":\"https:\/\/thietbilanhcongnghiep.com.vn\/san-pham\/van-1-chieu-dung-1c40\/#breadcrumb\"},\"inLanguage\":\"en-US\",\"potentialAction\":[{\"@type\":\"ReadAction\",\"target\":[\"https:\/\/thietbilanhcongnghiep.com.vn\/san-pham\/van-1-chieu-dung-1c40\/\"]}]},{\"@type\":\"BreadcrumbList\",\"@id\":\"https:\/\/thietbilanhcongnghiep.com.vn\/san-pham\/van-1-chieu-dung-1c40\/#breadcrumb\",\"itemListElement\":[{\"@type\":\"ListItem\",\"position\":1,\"name\":\"Trang ch\u1ee7\",\"item\":\"https:\/\/thietbilanhcongnghiep.com.vn\/\"},{\"@type\":\"ListItem\",\"position\":2,\"name\":\"S\u1ea3n ph\u1ea9m\",\"item\":\"https:\/\/thietbilanhcongnghiep.com.vn\/san-pham\/\"},{\"@type\":\"ListItem\",\"position\":3,\"name\":\"VAN 1 CHI\u1ec0U \u0110\u1ee8NG 1C40\"}]},{\"@type\":\"WebSite\",\"@id\":\"https:\/\/thietbilanhcongnghiep.com.vn\/#website\",\"url\":\"https:\/\/thietbilanhcongnghiep.com.vn\/\",\"name\":\"Thi\u1ebft b\u1ecb l\u1ea1nh c\u00f4ng nghi\u1ec7p\",\"description\":\"Nh\u00e0 ph\u00e2n ph\u1ed1i Parker, Biso\",\"potentialAction\":[{\"@type\":\"SearchAction\",\"target\":{\"@type\":\"EntryPoint\",\"urlTemplate\":\"https:\/\/thietbilanhcongnghiep.com.vn\/?s={search_term_string}\"},\"query-input\":\"required name=search_term_string\"}],\"inLanguage\":\"en-US\"}]}<\/script>\n<!-- \/ Yoast SEO Premium plugin. -->","yoast_head_json":{"title":"VAN 1 CHI\u1ec0U \u0110\u1ee8NG 1C40 - Thi\u1ebft b\u1ecb l\u1ea1nh c\u00f4ng nghi\u1ec7p","robots":{"index":"index","follow":"follow","max-snippet":"max-snippet:-1","max-image-preview":"max-image-preview:large","max-video-preview":"max-video-preview:-1"},"canonical":"https:\/\/thietbilanhcongnghiep.com.vn\/en\/product\/van-1-chieu-dung-1c40\/","og_locale":"en_US","og_type":"article","og_title":"VAN 1 CHI\u1ec0U \u0110\u1ee8NG 1C40","og_description":"K\u00edch th\u01b0\u1edbc: 1 1\/2\" \u2013 5\" (\u00d849 \u2013 140mm) D\u00f9ng cho: NH3, Freon v\u00e0 c\u00e1c m\u00f4i ch\u1ea5t kh\u00e1c Made in China \u0110\u1eb6C \u0110I\u1ec2M - Piston l\u1edbn, ch\u00ednh x\u00e1c, k\u00edn t\u1ed1t - D\u0129a van l\u00e0m k\u00edn b\u1eb1ng Teflon ch\u1ecbu nhi\u1ec7t \u0111\u1ed9 cao - N\u1ed1i b\u1eb1ng m\u1eb7t b\u00edch, thu\u1eadn ti\u1ec7n l\u1eafp \u0111\u1eb7t v\u00e0 s\u1eed d\u1ee5ng. - D\u1ec5 d\u00e0ng th\u00e1o r\u1eddi b\u00ean trong van b\u1eb1ng ren -Th\u00e2n van b\u1eb1ng th\u00e9p, ch\u1ecbu l\u1ef1c cao. TH\u00d4NG S\u1ed0 K\u1ef8 THU\u1eacT -\u00c1p su\u1ea5t th\u1eed b\u1ec1n: 45Bar - \u00c1p su\u1ea5t th\u1eed k\u00edn: 30Bar -Nhi\u1ec7t \u0111\u1ed9 l\u00e0m vi\u1ec7c : -46 -- 150\u00b0C","og_url":"https:\/\/thietbilanhcongnghiep.com.vn\/en\/product\/van-1-chieu-dung-1c40\/","og_site_name":"Thi\u1ebft b\u1ecb l\u1ea1nh c\u00f4ng nghi\u1ec7p","article_modified_time":"2024-09-13T08:55:40+00:00","og_image":[{"width":690,"height":866,"url":"https:\/\/thietbilanhcongnghiep.com.vn\/wp-content\/uploads\/2024\/01\/1C-40.jpg","type":"image\/jpeg"}],"twitter_card":"summary_large_image","schema":{"@context":"https:\/\/schema.org","@graph":[{"@type":"WebPage","@id":"https:\/\/thietbilanhcongnghiep.com.vn\/san-pham\/van-1-chieu-dung-1c40\/","url":"https:\/\/thietbilanhcongnghiep.com.vn\/san-pham\/van-1-chieu-dung-1c40\/","name":"VAN 1 CHI\u1ec0U \u0110\u1ee8NG 1C40 - Thi\u1ebft b\u1ecb l\u1ea1nh c\u00f4ng nghi\u1ec7p","isPartOf":{"@id":"https:\/\/thietbilanhcongnghiep.com.vn\/#website"},"datePublished":"2024-01-02T20:54:29+00:00","dateModified":"2024-09-13T08:55:40+00:00","breadcrumb":{"@id":"https:\/\/thietbilanhcongnghiep.com.vn\/san-pham\/van-1-chieu-dung-1c40\/#breadcrumb"},"inLanguage":"en-US","potentialAction":[{"@type":"ReadAction","target":["https:\/\/thietbilanhcongnghiep.com.vn\/san-pham\/van-1-chieu-dung-1c40\/"]}]},{"@type":"BreadcrumbList","@id":"https:\/\/thietbilanhcongnghiep.com.vn\/san-pham\/van-1-chieu-dung-1c40\/#breadcrumb","itemListElement":[{"@type":"ListItem","position":1,"name":"Trang ch\u1ee7","item":"https:\/\/thietbilanhcongnghiep.com.vn\/"},{"@type":"ListItem","position":2,"name":"S\u1ea3n ph\u1ea9m","item":"https:\/\/thietbilanhcongnghiep.com.vn\/san-pham\/"},{"@type":"ListItem","position":3,"name":"VAN 1 CHI\u1ec0U \u0110\u1ee8NG 1C40"}]},{"@type":"WebSite","@id":"https:\/\/thietbilanhcongnghiep.com.vn\/#website","url":"https:\/\/thietbilanhcongnghiep.com.vn\/","name":"Thi\u1ebft b\u1ecb l\u1ea1nh c\u00f4ng nghi\u1ec7p","description":"Nh\u00e0 ph\u00e2n ph\u1ed1i Parker, Biso","potentialAction":[{"@type":"SearchAction","target":{"@type":"EntryPoint","urlTemplate":"https:\/\/thietbilanhcongnghiep.com.vn\/?s={search_term_string}"},"query-input":"required name=search_term_string"}],"inLanguage":"en-US"}]}},"_links":{"self":[{"href":"https:\/\/thietbilanhcongnghiep.com.vn\/en\/wp-json\/wp\/v2\/product\/1009"}],"collection":[{"href":"https:\/\/thietbilanhcongnghiep.com.vn\/en\/wp-json\/wp\/v2\/product"}],"about":[{"href":"https:\/\/thietbilanhcongnghiep.com.vn\/en\/wp-json\/wp\/v2\/types\/product"}],"replies":[{"embeddable":true,"href":"https:\/\/thietbilanhcongnghiep.com.vn\/en\/wp-json\/wp\/v2\/comments?post=1009"}],"wp:featuredmedia":[{"embeddable":true,"href":"https:\/\/thietbilanhcongnghiep.com.vn\/en\/wp-json\/wp\/v2\/media\/1010"}],"wp:attachment":[{"href":"https:\/\/thietbilanhcongnghiep.com.vn\/en\/wp-json\/wp\/v2\/media?parent=1009"}],"wp:term":[{"taxonomy":"product_cat","embeddable":true,"href":"https:\/\/thietbilanhcongnghiep.com.vn\/en\/wp-json\/wp\/v2\/product_cat?post=1009"},{"taxonomy":"product_tag","embeddable":true,"href":"https:\/\/thietbilanhcongnghiep.com.vn\/en\/wp-json\/wp\/v2\/product_tag?post=1009"}],"curies":[{"name":"wp","href":"https:\/\/api.w.org\/{rel}","templated":true}]}}