{"id":1017,"date":"2024-01-03T04:02:52","date_gmt":"2024-01-02T21:02:52","guid":{"rendered":"https:\/\/thietbilanhcongnghiep.123websitedev.com\/?post_type=product&#038;p=1017"},"modified":"2024-04-13T12:44:36","modified_gmt":"2024-04-13T05:44:36","slug":"van-chan-pghv-g","status":"publish","type":"product","link":"https:\/\/thietbilanhcongnghiep.com.vn\/en\/product\/van-chan-pghv-g\/","title":{"rendered":"VAN CH\u1eb6N PGHV- Parker"},"content":{"rendered":"","protected":false},"excerpt":{"rendered":"<p>K\u00edch th\u01b0\u1edbc Dn15 \u2013 150 (1\/2\u201d \u2013 6\u201d)<br \/>\nVan tay PARKER l\u00e0 gi\u1ea3i ph\u00e1p ch\u1ea5t l\u01b0\u1ee3ng v\u00e0 kinh t\u1ebf trong c\u00e1c \u1ee9ng d\u1ee5ng l\u1ea1nh c\u00f4ng nghi\u1ec7p. Van ch\u1eb7n tay \u0111\u01b0\u1ee3c thi\u1ebft k\u1ebf ng\u0103n d\u00f2ng m\u00f4i ch\u1ea5t l\u1ea1nh \u0111\u1ec3 s\u1eeda ch\u1eefa ho\u1eb7c b\u1ea3o d\u01b0\u1ee1ng \u0111\u1ecbnh k\u1ef3 h\u1ec7 th\u1ed1ng l\u1ea1nh. Nhi\u1ec7m v\u1ee5 c\u1ee7a c\u00e1c van n\u00e0y l\u00e0 \u0111\u00f3ng ho\u1eb7c m\u1edf ho\u00e0n to\u00e0n.<br \/>\nVan ch\u1eb7n tay c\u00f3 hai ki\u1ec3u th\u00e2n van l\u00e0 g\u00f3c v\u00e0 th\u1eb3ng Y, n\u1eafp van ti\u00eau chu\u1ea9n v\u00e0 n\u1eafp van m\u1edf r\u1ed9ng (d\u00e0i th\u00eam). N\u1eafp van m\u1edf r\u1ed9ng \u0111\u01b0\u1ee3c d\u00f9ng khi mu\u1ed1n t\u0103ng c\u01b0\u1eddng c\u00e1ch nhi\u1ec7t.<br \/>\n&#8211; Made in China<\/p>\n<p>-S\u1ea3n ph\u1ea9m ch\u00ednh h\u00e3ng, c\u00f3 ch\u1ee9ng nh\u1eadn v\u1eadt li\u1ec7u (CCMS), C.O c\u1ee7a Parker<\/p>\n<p>CHARACTERISTIC<br \/>\n-Ph\u00f9 h\u1ee3p v\u1edbi Ammonia, CO2 v\u00e0 c\u00e1c m\u00f4i ch\u1ea5t l\u1ea1nh th\u00f4ng d\u1ee5ng kh\u00e1c.<br \/>\n-Th\u00e2n l\u00e0m b\u1eb1ng th\u00e9p r\u00e8n A350 theo ASTM,<br \/>\n-Bu l\u00f4ng Inox<br \/>\n-T\u1ea5t c\u1ea3 n\u1eafp \u0111\u01b0\u1ee3c b\u1eaft b\u1eb1ng bu long<br \/>\n-Ph\u00f9 h\u1ee3p v\u1edbi ti\u00eau chu\u1ea9n \u00e1p l\u1ef1c (PED) 2014\/68\/EU<br \/>\n-C\u00f3 ki\u1ec3u th\u00e2n g\u00f3c v\u00e0 th\u1eb3ng Y<br \/>\n-C\u00f3 c\u00e1c ki\u1ec3u n\u1ed1i: h\u00e0n \u0111\u1ea5u \u0111\u1ea7u DIN ISO butt weld, ANSI butt weld, h\u00e0n trong Socket weld<br \/>\n&#8211; C\u1ea5u tr\u00fac th\u00e9p m\u1ea1 c\u00f3 tu\u1ed5i th\u1ecd cao<br \/>\nTH\u00d4NG S\u1ed0 K\u1ef8 THU\u1eacT:<br \/>\nNhi\u1ec7t \u0111\u1ed9 l\u00e0m vi\u1ec7c: -50\u00b0C to 150\u00b0C (-58\u00b0F to 302\u00b0F)<br \/>\n\u00c1p su\u1ea5t l\u00e0m vi\u1ec7c t\u1ed1i \u0111a (MRP): 52 bar (754 psig)<\/p>","protected":false},"featured_media":1018,"comment_status":"open","ping_status":"closed","template":"","meta":[],"product_cat":[162,163,161],"product_tag":[],"acf":[],"yoast_head":"<!-- This site is optimized with the Yoast SEO Premium plugin v21.7 (Yoast SEO v21.7) - https:\/\/yoast.com\/wordpress\/plugins\/seo\/ -->\n<title>VAN CH\u1eb6N PGHV- Parker - Thi\u1ebft b\u1ecb l\u1ea1nh c\u00f4ng nghi\u1ec7p<\/title>\n<meta name=\"robots\" content=\"index, follow, max-snippet:-1, max-image-preview:large, max-video-preview:-1\" \/>\n<link rel=\"canonical\" href=\"https:\/\/thietbilanhcongnghiep.com.vn\/en\/product\/van-chan-pghv-g\/\" \/>\n<meta property=\"og:locale\" content=\"en_US\" \/>\n<meta property=\"og:type\" content=\"article\" \/>\n<meta property=\"og:title\" content=\"VAN CH\u1eb6N PGHV- Parker\" \/>\n<meta property=\"og:description\" content=\"K\u00edch th\u01b0\u1edbc Dn15 \u2013 150 (1\/2\u201d \u2013 6\u201d) Van tay PARKER l\u00e0 gi\u1ea3i ph\u00e1p ch\u1ea5t l\u01b0\u1ee3ng v\u00e0 kinh t\u1ebf trong c\u00e1c \u1ee9ng d\u1ee5ng l\u1ea1nh c\u00f4ng nghi\u1ec7p. Van ch\u1eb7n tay \u0111\u01b0\u1ee3c thi\u1ebft k\u1ebf ng\u0103n d\u00f2ng m\u00f4i ch\u1ea5t l\u1ea1nh \u0111\u1ec3 s\u1eeda ch\u1eefa ho\u1eb7c b\u1ea3o d\u01b0\u1ee1ng \u0111\u1ecbnh k\u1ef3 h\u1ec7 th\u1ed1ng l\u1ea1nh. Nhi\u1ec7m v\u1ee5 c\u1ee7a c\u00e1c van n\u00e0y l\u00e0 \u0111\u00f3ng ho\u1eb7c m\u1edf ho\u00e0n to\u00e0n. Van ch\u1eb7n tay c\u00f3 hai ki\u1ec3u th\u00e2n van l\u00e0 g\u00f3c v\u00e0 th\u1eb3ng Y, n\u1eafp van ti\u00eau chu\u1ea9n v\u00e0 n\u1eafp van m\u1edf r\u1ed9ng (d\u00e0i th\u00eam). N\u1eafp van m\u1edf r\u1ed9ng \u0111\u01b0\u1ee3c d\u00f9ng khi mu\u1ed1n t\u0103ng c\u01b0\u1eddng c\u00e1ch nhi\u1ec7t. - Made in China  -S\u1ea3n ph\u1ea9m ch\u00ednh h\u00e3ng, c\u00f3 ch\u1ee9ng nh\u1eadn v\u1eadt li\u1ec7u (CCMS), C.O c\u1ee7a Parker  \u0110\u1eb6C \u0110I\u1ec2M -Ph\u00f9 h\u1ee3p v\u1edbi Ammonia, CO2 v\u00e0 c\u00e1c m\u00f4i ch\u1ea5t l\u1ea1nh th\u00f4ng d\u1ee5ng kh\u00e1c. -Th\u00e2n l\u00e0m b\u1eb1ng th\u00e9p r\u00e8n A350 theo ASTM, -Bu l\u00f4ng Inox -T\u1ea5t c\u1ea3 n\u1eafp \u0111\u01b0\u1ee3c b\u1eaft b\u1eb1ng bu long -Ph\u00f9 h\u1ee3p v\u1edbi ti\u00eau chu\u1ea9n \u00e1p l\u1ef1c (PED) 2014\/68\/EU -C\u00f3 ki\u1ec3u th\u00e2n g\u00f3c v\u00e0 th\u1eb3ng Y -C\u00f3 c\u00e1c ki\u1ec3u n\u1ed1i: h\u00e0n \u0111\u1ea5u \u0111\u1ea7u DIN ISO butt weld, ANSI butt weld, h\u00e0n trong Socket weld - C\u1ea5u tr\u00fac th\u00e9p m\u1ea1 c\u00f3 tu\u1ed5i th\u1ecd cao TH\u00d4NG S\u1ed0 K\u1ef8 THU\u1eacT: Nhi\u1ec7t \u0111\u1ed9 l\u00e0m vi\u1ec7c: -50\u00b0C to 150\u00b0C (-58\u00b0F to 302\u00b0F) \u00c1p su\u1ea5t l\u00e0m vi\u1ec7c t\u1ed1i \u0111a (MRP): 52 bar (754 psig)\" \/>\n<meta property=\"og:url\" content=\"https:\/\/thietbilanhcongnghiep.com.vn\/en\/product\/van-chan-pghv-g\/\" \/>\n<meta property=\"og:site_name\" content=\"Thi\u1ebft b\u1ecb l\u1ea1nh c\u00f4ng nghi\u1ec7p\" \/>\n<meta property=\"article:modified_time\" content=\"2024-04-13T05:44:36+00:00\" \/>\n<meta property=\"og:image\" content=\"https:\/\/thietbilanhcongnghiep.com.vn\/wp-content\/uploads\/2024\/01\/G.jpg\" \/>\n\t<meta property=\"og:image:width\" content=\"346\" \/>\n\t<meta property=\"og:image:height\" content=\"597\" \/>\n\t<meta property=\"og:image:type\" content=\"image\/jpeg\" \/>\n<meta name=\"twitter:card\" content=\"summary_large_image\" \/>\n<meta name=\"twitter:label1\" content=\"Est. reading time\" \/>\n\t<meta name=\"twitter:data1\" content=\"1 minute\" \/>\n<script type=\"application\/ld+json\" class=\"yoast-schema-graph\">{\"@context\":\"https:\/\/schema.org\",\"@graph\":[{\"@type\":\"WebPage\",\"@id\":\"https:\/\/thietbilanhcongnghiep.com.vn\/san-pham\/van-chan-pghv-g\/\",\"url\":\"https:\/\/thietbilanhcongnghiep.com.vn\/san-pham\/van-chan-pghv-g\/\",\"name\":\"VAN CH\u1eb6N PGHV- Parker - Thi\u1ebft b\u1ecb l\u1ea1nh c\u00f4ng nghi\u1ec7p\",\"isPartOf\":{\"@id\":\"https:\/\/thietbilanhcongnghiep.com.vn\/#website\"},\"datePublished\":\"2024-01-02T21:02:52+00:00\",\"dateModified\":\"2024-04-13T05:44:36+00:00\",\"breadcrumb\":{\"@id\":\"https:\/\/thietbilanhcongnghiep.com.vn\/san-pham\/van-chan-pghv-g\/#breadcrumb\"},\"inLanguage\":\"en-US\",\"potentialAction\":[{\"@type\":\"ReadAction\",\"target\":[\"https:\/\/thietbilanhcongnghiep.com.vn\/san-pham\/van-chan-pghv-g\/\"]}]},{\"@type\":\"BreadcrumbList\",\"@id\":\"https:\/\/thietbilanhcongnghiep.com.vn\/san-pham\/van-chan-pghv-g\/#breadcrumb\",\"itemListElement\":[{\"@type\":\"ListItem\",\"position\":1,\"name\":\"Trang ch\u1ee7\",\"item\":\"https:\/\/thietbilanhcongnghiep.com.vn\/\"},{\"@type\":\"ListItem\",\"position\":2,\"name\":\"S\u1ea3n ph\u1ea9m\",\"item\":\"https:\/\/thietbilanhcongnghiep.com.vn\/san-pham\/\"},{\"@type\":\"ListItem\",\"position\":3,\"name\":\"VAN CH\u1eb6N PGHV- Parker\"}]},{\"@type\":\"WebSite\",\"@id\":\"https:\/\/thietbilanhcongnghiep.com.vn\/#website\",\"url\":\"https:\/\/thietbilanhcongnghiep.com.vn\/\",\"name\":\"Thi\u1ebft b\u1ecb l\u1ea1nh c\u00f4ng nghi\u1ec7p\",\"description\":\"Nh\u00e0 ph\u00e2n ph\u1ed1i Parker, Biso\",\"potentialAction\":[{\"@type\":\"SearchAction\",\"target\":{\"@type\":\"EntryPoint\",\"urlTemplate\":\"https:\/\/thietbilanhcongnghiep.com.vn\/?s={search_term_string}\"},\"query-input\":\"required name=search_term_string\"}],\"inLanguage\":\"en-US\"}]}<\/script>\n<!-- \/ Yoast SEO Premium plugin. -->","yoast_head_json":{"title":"VAN CH\u1eb6N PGHV- Parker - Thi\u1ebft b\u1ecb l\u1ea1nh c\u00f4ng nghi\u1ec7p","robots":{"index":"index","follow":"follow","max-snippet":"max-snippet:-1","max-image-preview":"max-image-preview:large","max-video-preview":"max-video-preview:-1"},"canonical":"https:\/\/thietbilanhcongnghiep.com.vn\/en\/product\/van-chan-pghv-g\/","og_locale":"en_US","og_type":"article","og_title":"VAN CH\u1eb6N PGHV- Parker","og_description":"K\u00edch th\u01b0\u1edbc Dn15 \u2013 150 (1\/2\u201d \u2013 6\u201d) Van tay PARKER l\u00e0 gi\u1ea3i ph\u00e1p ch\u1ea5t l\u01b0\u1ee3ng v\u00e0 kinh t\u1ebf trong c\u00e1c \u1ee9ng d\u1ee5ng l\u1ea1nh c\u00f4ng nghi\u1ec7p. Van ch\u1eb7n tay \u0111\u01b0\u1ee3c thi\u1ebft k\u1ebf ng\u0103n d\u00f2ng m\u00f4i ch\u1ea5t l\u1ea1nh \u0111\u1ec3 s\u1eeda ch\u1eefa ho\u1eb7c b\u1ea3o d\u01b0\u1ee1ng \u0111\u1ecbnh k\u1ef3 h\u1ec7 th\u1ed1ng l\u1ea1nh. Nhi\u1ec7m v\u1ee5 c\u1ee7a c\u00e1c van n\u00e0y l\u00e0 \u0111\u00f3ng ho\u1eb7c m\u1edf ho\u00e0n to\u00e0n. Van ch\u1eb7n tay c\u00f3 hai ki\u1ec3u th\u00e2n van l\u00e0 g\u00f3c v\u00e0 th\u1eb3ng Y, n\u1eafp van ti\u00eau chu\u1ea9n v\u00e0 n\u1eafp van m\u1edf r\u1ed9ng (d\u00e0i th\u00eam). N\u1eafp van m\u1edf r\u1ed9ng \u0111\u01b0\u1ee3c d\u00f9ng khi mu\u1ed1n t\u0103ng c\u01b0\u1eddng c\u00e1ch nhi\u1ec7t. - Made in China  -S\u1ea3n ph\u1ea9m ch\u00ednh h\u00e3ng, c\u00f3 ch\u1ee9ng nh\u1eadn v\u1eadt li\u1ec7u (CCMS), C.O c\u1ee7a Parker  \u0110\u1eb6C \u0110I\u1ec2M -Ph\u00f9 h\u1ee3p v\u1edbi Ammonia, CO2 v\u00e0 c\u00e1c m\u00f4i ch\u1ea5t l\u1ea1nh th\u00f4ng d\u1ee5ng kh\u00e1c. -Th\u00e2n l\u00e0m b\u1eb1ng th\u00e9p r\u00e8n A350 theo ASTM, -Bu l\u00f4ng Inox -T\u1ea5t c\u1ea3 n\u1eafp \u0111\u01b0\u1ee3c b\u1eaft b\u1eb1ng bu long -Ph\u00f9 h\u1ee3p v\u1edbi ti\u00eau chu\u1ea9n \u00e1p l\u1ef1c (PED) 2014\/68\/EU -C\u00f3 ki\u1ec3u th\u00e2n g\u00f3c v\u00e0 th\u1eb3ng Y -C\u00f3 c\u00e1c ki\u1ec3u n\u1ed1i: h\u00e0n \u0111\u1ea5u \u0111\u1ea7u DIN ISO butt weld, ANSI butt weld, h\u00e0n trong Socket weld - C\u1ea5u tr\u00fac th\u00e9p m\u1ea1 c\u00f3 tu\u1ed5i th\u1ecd cao TH\u00d4NG S\u1ed0 K\u1ef8 THU\u1eacT: Nhi\u1ec7t \u0111\u1ed9 l\u00e0m vi\u1ec7c: -50\u00b0C to 150\u00b0C (-58\u00b0F to 302\u00b0F) \u00c1p su\u1ea5t l\u00e0m vi\u1ec7c t\u1ed1i \u0111a (MRP): 52 bar (754 psig)","og_url":"https:\/\/thietbilanhcongnghiep.com.vn\/en\/product\/van-chan-pghv-g\/","og_site_name":"Thi\u1ebft b\u1ecb l\u1ea1nh c\u00f4ng nghi\u1ec7p","article_modified_time":"2024-04-13T05:44:36+00:00","og_image":[{"width":346,"height":597,"url":"https:\/\/thietbilanhcongnghiep.com.vn\/wp-content\/uploads\/2024\/01\/G.jpg","type":"image\/jpeg"}],"twitter_card":"summary_large_image","twitter_misc":{"Est. reading time":"1 minute"},"schema":{"@context":"https:\/\/schema.org","@graph":[{"@type":"WebPage","@id":"https:\/\/thietbilanhcongnghiep.com.vn\/san-pham\/van-chan-pghv-g\/","url":"https:\/\/thietbilanhcongnghiep.com.vn\/san-pham\/van-chan-pghv-g\/","name":"VAN CH\u1eb6N PGHV- Parker - Thi\u1ebft b\u1ecb l\u1ea1nh c\u00f4ng nghi\u1ec7p","isPartOf":{"@id":"https:\/\/thietbilanhcongnghiep.com.vn\/#website"},"datePublished":"2024-01-02T21:02:52+00:00","dateModified":"2024-04-13T05:44:36+00:00","breadcrumb":{"@id":"https:\/\/thietbilanhcongnghiep.com.vn\/san-pham\/van-chan-pghv-g\/#breadcrumb"},"inLanguage":"en-US","potentialAction":[{"@type":"ReadAction","target":["https:\/\/thietbilanhcongnghiep.com.vn\/san-pham\/van-chan-pghv-g\/"]}]},{"@type":"BreadcrumbList","@id":"https:\/\/thietbilanhcongnghiep.com.vn\/san-pham\/van-chan-pghv-g\/#breadcrumb","itemListElement":[{"@type":"ListItem","position":1,"name":"Trang ch\u1ee7","item":"https:\/\/thietbilanhcongnghiep.com.vn\/"},{"@type":"ListItem","position":2,"name":"S\u1ea3n ph\u1ea9m","item":"https:\/\/thietbilanhcongnghiep.com.vn\/san-pham\/"},{"@type":"ListItem","position":3,"name":"VAN CH\u1eb6N PGHV- Parker"}]},{"@type":"WebSite","@id":"https:\/\/thietbilanhcongnghiep.com.vn\/#website","url":"https:\/\/thietbilanhcongnghiep.com.vn\/","name":"Thi\u1ebft b\u1ecb l\u1ea1nh c\u00f4ng nghi\u1ec7p","description":"Nh\u00e0 ph\u00e2n ph\u1ed1i Parker, Biso","potentialAction":[{"@type":"SearchAction","target":{"@type":"EntryPoint","urlTemplate":"https:\/\/thietbilanhcongnghiep.com.vn\/?s={search_term_string}"},"query-input":"required name=search_term_string"}],"inLanguage":"en-US"}]}},"_links":{"self":[{"href":"https:\/\/thietbilanhcongnghiep.com.vn\/en\/wp-json\/wp\/v2\/product\/1017"}],"collection":[{"href":"https:\/\/thietbilanhcongnghiep.com.vn\/en\/wp-json\/wp\/v2\/product"}],"about":[{"href":"https:\/\/thietbilanhcongnghiep.com.vn\/en\/wp-json\/wp\/v2\/types\/product"}],"replies":[{"embeddable":true,"href":"https:\/\/thietbilanhcongnghiep.com.vn\/en\/wp-json\/wp\/v2\/comments?post=1017"}],"wp:featuredmedia":[{"embeddable":true,"href":"https:\/\/thietbilanhcongnghiep.com.vn\/en\/wp-json\/wp\/v2\/media\/1018"}],"wp:attachment":[{"href":"https:\/\/thietbilanhcongnghiep.com.vn\/en\/wp-json\/wp\/v2\/media?parent=1017"}],"wp:term":[{"taxonomy":"product_cat","embeddable":true,"href":"https:\/\/thietbilanhcongnghiep.com.vn\/en\/wp-json\/wp\/v2\/product_cat?post=1017"},{"taxonomy":"product_tag","embeddable":true,"href":"https:\/\/thietbilanhcongnghiep.com.vn\/en\/wp-json\/wp\/v2\/product_tag?post=1017"}],"curies":[{"name":"wp","href":"https:\/\/api.w.org\/{rel}","templated":true}]}}