{"id":1019,"date":"2024-01-03T04:11:37","date_gmt":"2024-01-02T21:11:37","guid":{"rendered":"https:\/\/thietbilanhcongnghiep.123websitedev.com\/?post_type=product&#038;p=1019"},"modified":"2024-04-13T12:35:15","modified_gmt":"2024-04-13T05:35:15","slug":"bom-dich-hermetic-cam-2","status":"publish","type":"product","link":"https:\/\/thietbilanhcongnghiep.com.vn\/en\/product\/bom-dich-hermetic-cam-2\/","title":{"rendered":"HERMETIC CAM FLUID PUMP 2"},"content":{"rendered":"<p style=\"text-align: justify;\">B\u01a1m m\u00f4i ch\u1ea5t l\u1ea1nh Hermetic bao g\u1ed3m c\u1ee5m b\u01a1m ly t\u00e2m v\u00e0 motor xoay chi\u1ec1u 3 phase n\u1ed1i tr\u1ef1c ti\u1ebfp v\u1edbi nhau. Stator \u0111\u01b0\u1ee3c \u0111\u1eb7t trong h\u1ed9p k\u00edn, hai bu\u1ed3ng rotor v\u00e0 stator c\u00e1ch ly nhau ho\u00e0n to\u00e0n, \u0111i\u1ec1u n\u00e0y l\u00e0m cho b\u01a1m Hermetic k\u00edn ho\u00e0n to\u00e0n. Khi b\u01a1m ho\u1ea1t \u0111\u1ed9ng, l\u1ef1c d\u1ecdc tr\u1ee5c v\u00e0 th\u1ee7y l\u1ef1c t\u1ef1 \u0111\u1ed9ng c\u00e2n b\u1eb1ng.<br \/>\nSeries b\u01a1m m\u00f4i ch\u1ea5t l\u1ea1nh CAM2 l\u00e0 lo\u1ea1i nhi\u1ec1u c\u1ea5p, tu\u1ea7n ho\u00e0n trong \u00e1p cao. M\u1ed9t ph\u1ea7n m\u00f4i ch\u1ea5t \u00e1p su\u1ea5t cao t\u1ea1i \u0111\u1ea7u ra c\u1ee7a c\u00e1nh gu\u1ed3ng c\u1ea5p cu\u1ed1i c\u00f9ng \u0111\u01b0\u1ee3c t\u00e1ch ra, \u0111i qua l\u01b0\u1edbi l\u1ecdc, v\u00e0o bu\u1ed3ng rotor c\u1ee7a motor \u0111\u00f3ng h\u1ed9p r\u1ed3i quay l\u1ea1i qua l\u1ed7 t\u00e2m c\u1ed1t \u0111\u1ebfn bu\u1ed3ng h\u00fat c\u1ee7a c\u1ea5p cu\u1ed1i c\u00f9ng. Lo\u1ea1i ch\u1ebf \u0111\u1ed9 tu\u1ea7n trong \u00e1p su\u1ea5t cao n\u00e0y \u0111\u1ea3m b\u1ea3o \u0111\u1ee7 \u00e1p su\u1ea5t trong bu\u1ed3ng rotor c\u1ee7a motor k\u00edn, gi\u1eef cho m\u00f4i ch\u1ea5t kh\u00f4ng b\u1ecb b\u1ed1c h\u01a1i trong b\u01a1m. L\u01b0\u1ee3ng m\u00f4i ch\u1ea5t n\u00e0y c\u0169ng c\u00f3 ch\u1ee9c n\u0103ng l\u00e0m m\u00e1t motor \u0111\u00f3ng h\u1ed9p v\u00e0 b\u00f4i tr\u01a1n \u1ed5 \u0111\u1ee1. Khi b\u01a1m ho\u1ea1t \u0111\u1ed9ng, l\u1ef1c d\u1ecdc tr\u1ee5c t\u1ef1 \u0111\u1ed9ng c\u00e2n b\u1eb1ng th\u1ee7y l\u1ef1c. B\u01a1m n\u00e0y c\u00f3 NPSHr r\u1ea5t th\u1ea5p, khi n\u0103ng su\u1ea5t cao \u0111\u1ebfn 10M\u00b3\/h, NPSHr ch\u1ec9 c\u00f3 0,8m.<\/p>","protected":false},"excerpt":{"rendered":"<p>S\u1ea3n xu\u1ea5t: Dalian HERMETIC Pump Co., Ltd<br \/>\nXu\u1ea5t x\u1ee9: China<br \/>\nL\u01b0u l\u01b0\u1ee3ng: 0.5 \u0111\u1ebfn 10.5M\u00b3\/h<br \/>\nC\u1ed9t \u00e1p: Max 80M<br \/>\nNPSHr: 0.3M \u0111\u1ebfn 0.8M<br \/>\nNhi\u1ec7t \u0111\u1ed9 l\u00e0m vi\u1ec7c: -50\u00b0C \u0111\u1ebfn +30\u00b0C<br \/>\nC\u00f4ng su\u1ea5t: 3.0KW \u0111\u1ebfn 6.5KW, g\u1ed3m: AGX3.0, AGX4.5, AGX6.5<br \/>\nB\u01a1m g\u1ed3m c\u00e1c lo\u1ea1i: CAM2\/2, CAM2\/3, CAM2\/4, CAM2\/5, CAM2\/6<\/p>","protected":false},"featured_media":1020,"comment_status":"open","ping_status":"closed","template":"","meta":[],"product_cat":[210,214,215,162,163],"product_tag":[],"acf":[],"yoast_head":"<!-- This site is optimized with the Yoast SEO Premium plugin v21.7 (Yoast SEO v21.7) - https:\/\/yoast.com\/wordpress\/plugins\/seo\/ -->\n<title>B\u01a0M D\u1ecaCH HERMETIC CAM 2 - Thi\u1ebft b\u1ecb l\u1ea1nh c\u00f4ng nghi\u1ec7p<\/title>\n<meta name=\"robots\" content=\"index, follow, max-snippet:-1, max-image-preview:large, max-video-preview:-1\" \/>\n<link rel=\"canonical\" href=\"https:\/\/thietbilanhcongnghiep.com.vn\/en\/product\/bom-dich-hermetic-cam-2\/\" \/>\n<meta property=\"og:locale\" content=\"en_US\" \/>\n<meta property=\"og:type\" content=\"article\" \/>\n<meta property=\"og:title\" content=\"B\u01a0M D\u1ecaCH HERMETIC CAM 2\" \/>\n<meta property=\"og:description\" content=\"S\u1ea3n xu\u1ea5t: Dalian HERMETIC Pump Co., Ltd Xu\u1ea5t x\u1ee9: China L\u01b0u l\u01b0\u1ee3ng: 0.5 \u0111\u1ebfn 10.5M\u00b3\/h C\u1ed9t \u00e1p: Max 80M NPSHr: 0.3M \u0111\u1ebfn 0.8M Nhi\u1ec7t \u0111\u1ed9 l\u00e0m vi\u1ec7c: -50\u00b0C \u0111\u1ebfn +30\u00b0C C\u00f4ng su\u1ea5t: 3.0KW \u0111\u1ebfn 6.5KW, g\u1ed3m: AGX3.0, AGX4.5, AGX6.5 B\u01a1m g\u1ed3m c\u00e1c lo\u1ea1i: CAM2\/2, CAM2\/3, CAM2\/4, CAM2\/5, CAM2\/6\" \/>\n<meta property=\"og:url\" content=\"https:\/\/thietbilanhcongnghiep.com.vn\/en\/product\/bom-dich-hermetic-cam-2\/\" \/>\n<meta property=\"og:site_name\" content=\"Thi\u1ebft b\u1ecb l\u1ea1nh c\u00f4ng nghi\u1ec7p\" \/>\n<meta property=\"article:modified_time\" content=\"2024-04-13T05:35:15+00:00\" \/>\n<meta property=\"og:image\" content=\"https:\/\/thietbilanhcongnghiep.com.vn\/wp-content\/uploads\/2024\/01\/CAM2.jpg\" \/>\n\t<meta property=\"og:image:width\" content=\"818\" \/>\n\t<meta property=\"og:image:height\" content=\"546\" \/>\n\t<meta property=\"og:image:type\" content=\"image\/jpeg\" \/>\n<meta name=\"twitter:card\" content=\"summary_large_image\" \/>\n<meta name=\"twitter:label1\" content=\"Est. reading time\" \/>\n\t<meta name=\"twitter:data1\" content=\"2 minutes\" \/>\n<script type=\"application\/ld+json\" class=\"yoast-schema-graph\">{\"@context\":\"https:\/\/schema.org\",\"@graph\":[{\"@type\":\"WebPage\",\"@id\":\"https:\/\/thietbilanhcongnghiep.com.vn\/san-pham\/bom-dich-hermetic-cam-2\/\",\"url\":\"https:\/\/thietbilanhcongnghiep.com.vn\/san-pham\/bom-dich-hermetic-cam-2\/\",\"name\":\"B\u01a0M D\u1ecaCH HERMETIC CAM 2 - Thi\u1ebft b\u1ecb l\u1ea1nh c\u00f4ng nghi\u1ec7p\",\"isPartOf\":{\"@id\":\"https:\/\/thietbilanhcongnghiep.com.vn\/#website\"},\"datePublished\":\"2024-01-02T21:11:37+00:00\",\"dateModified\":\"2024-04-13T05:35:15+00:00\",\"breadcrumb\":{\"@id\":\"https:\/\/thietbilanhcongnghiep.com.vn\/san-pham\/bom-dich-hermetic-cam-2\/#breadcrumb\"},\"inLanguage\":\"en-US\",\"potentialAction\":[{\"@type\":\"ReadAction\",\"target\":[\"https:\/\/thietbilanhcongnghiep.com.vn\/san-pham\/bom-dich-hermetic-cam-2\/\"]}]},{\"@type\":\"BreadcrumbList\",\"@id\":\"https:\/\/thietbilanhcongnghiep.com.vn\/san-pham\/bom-dich-hermetic-cam-2\/#breadcrumb\",\"itemListElement\":[{\"@type\":\"ListItem\",\"position\":1,\"name\":\"Trang ch\u1ee7\",\"item\":\"https:\/\/thietbilanhcongnghiep.com.vn\/\"},{\"@type\":\"ListItem\",\"position\":2,\"name\":\"S\u1ea3n ph\u1ea9m\",\"item\":\"https:\/\/thietbilanhcongnghiep.com.vn\/san-pham\/\"},{\"@type\":\"ListItem\",\"position\":3,\"name\":\"B\u01a0M D\u1ecaCH HERMETIC CAM 2\"}]},{\"@type\":\"WebSite\",\"@id\":\"https:\/\/thietbilanhcongnghiep.com.vn\/#website\",\"url\":\"https:\/\/thietbilanhcongnghiep.com.vn\/\",\"name\":\"Thi\u1ebft b\u1ecb l\u1ea1nh c\u00f4ng nghi\u1ec7p\",\"description\":\"Nh\u00e0 ph\u00e2n ph\u1ed1i Parker, Biso\",\"potentialAction\":[{\"@type\":\"SearchAction\",\"target\":{\"@type\":\"EntryPoint\",\"urlTemplate\":\"https:\/\/thietbilanhcongnghiep.com.vn\/?s={search_term_string}\"},\"query-input\":\"required name=search_term_string\"}],\"inLanguage\":\"en-US\"}]}<\/script>\n<!-- \/ Yoast SEO Premium plugin. -->","yoast_head_json":{"title":"B\u01a0M D\u1ecaCH HERMETIC CAM 2 - Thi\u1ebft b\u1ecb l\u1ea1nh c\u00f4ng nghi\u1ec7p","robots":{"index":"index","follow":"follow","max-snippet":"max-snippet:-1","max-image-preview":"max-image-preview:large","max-video-preview":"max-video-preview:-1"},"canonical":"https:\/\/thietbilanhcongnghiep.com.vn\/en\/product\/bom-dich-hermetic-cam-2\/","og_locale":"en_US","og_type":"article","og_title":"B\u01a0M D\u1ecaCH HERMETIC CAM 2","og_description":"S\u1ea3n xu\u1ea5t: Dalian HERMETIC Pump Co., Ltd Xu\u1ea5t x\u1ee9: China L\u01b0u l\u01b0\u1ee3ng: 0.5 \u0111\u1ebfn 10.5M\u00b3\/h C\u1ed9t \u00e1p: Max 80M NPSHr: 0.3M \u0111\u1ebfn 0.8M Nhi\u1ec7t \u0111\u1ed9 l\u00e0m vi\u1ec7c: -50\u00b0C \u0111\u1ebfn +30\u00b0C C\u00f4ng su\u1ea5t: 3.0KW \u0111\u1ebfn 6.5KW, g\u1ed3m: AGX3.0, AGX4.5, AGX6.5 B\u01a1m g\u1ed3m c\u00e1c lo\u1ea1i: CAM2\/2, CAM2\/3, CAM2\/4, CAM2\/5, CAM2\/6","og_url":"https:\/\/thietbilanhcongnghiep.com.vn\/en\/product\/bom-dich-hermetic-cam-2\/","og_site_name":"Thi\u1ebft b\u1ecb l\u1ea1nh c\u00f4ng nghi\u1ec7p","article_modified_time":"2024-04-13T05:35:15+00:00","og_image":[{"width":818,"height":546,"url":"https:\/\/thietbilanhcongnghiep.com.vn\/wp-content\/uploads\/2024\/01\/CAM2.jpg","type":"image\/jpeg"}],"twitter_card":"summary_large_image","twitter_misc":{"Est. reading time":"2 minutes"},"schema":{"@context":"https:\/\/schema.org","@graph":[{"@type":"WebPage","@id":"https:\/\/thietbilanhcongnghiep.com.vn\/san-pham\/bom-dich-hermetic-cam-2\/","url":"https:\/\/thietbilanhcongnghiep.com.vn\/san-pham\/bom-dich-hermetic-cam-2\/","name":"B\u01a0M D\u1ecaCH HERMETIC CAM 2 - Thi\u1ebft b\u1ecb l\u1ea1nh c\u00f4ng nghi\u1ec7p","isPartOf":{"@id":"https:\/\/thietbilanhcongnghiep.com.vn\/#website"},"datePublished":"2024-01-02T21:11:37+00:00","dateModified":"2024-04-13T05:35:15+00:00","breadcrumb":{"@id":"https:\/\/thietbilanhcongnghiep.com.vn\/san-pham\/bom-dich-hermetic-cam-2\/#breadcrumb"},"inLanguage":"en-US","potentialAction":[{"@type":"ReadAction","target":["https:\/\/thietbilanhcongnghiep.com.vn\/san-pham\/bom-dich-hermetic-cam-2\/"]}]},{"@type":"BreadcrumbList","@id":"https:\/\/thietbilanhcongnghiep.com.vn\/san-pham\/bom-dich-hermetic-cam-2\/#breadcrumb","itemListElement":[{"@type":"ListItem","position":1,"name":"Trang ch\u1ee7","item":"https:\/\/thietbilanhcongnghiep.com.vn\/"},{"@type":"ListItem","position":2,"name":"S\u1ea3n ph\u1ea9m","item":"https:\/\/thietbilanhcongnghiep.com.vn\/san-pham\/"},{"@type":"ListItem","position":3,"name":"B\u01a0M D\u1ecaCH HERMETIC CAM 2"}]},{"@type":"WebSite","@id":"https:\/\/thietbilanhcongnghiep.com.vn\/#website","url":"https:\/\/thietbilanhcongnghiep.com.vn\/","name":"Thi\u1ebft b\u1ecb l\u1ea1nh c\u00f4ng nghi\u1ec7p","description":"Nh\u00e0 ph\u00e2n ph\u1ed1i Parker, Biso","potentialAction":[{"@type":"SearchAction","target":{"@type":"EntryPoint","urlTemplate":"https:\/\/thietbilanhcongnghiep.com.vn\/?s={search_term_string}"},"query-input":"required name=search_term_string"}],"inLanguage":"en-US"}]}},"_links":{"self":[{"href":"https:\/\/thietbilanhcongnghiep.com.vn\/en\/wp-json\/wp\/v2\/product\/1019"}],"collection":[{"href":"https:\/\/thietbilanhcongnghiep.com.vn\/en\/wp-json\/wp\/v2\/product"}],"about":[{"href":"https:\/\/thietbilanhcongnghiep.com.vn\/en\/wp-json\/wp\/v2\/types\/product"}],"replies":[{"embeddable":true,"href":"https:\/\/thietbilanhcongnghiep.com.vn\/en\/wp-json\/wp\/v2\/comments?post=1019"}],"wp:featuredmedia":[{"embeddable":true,"href":"https:\/\/thietbilanhcongnghiep.com.vn\/en\/wp-json\/wp\/v2\/media\/1020"}],"wp:attachment":[{"href":"https:\/\/thietbilanhcongnghiep.com.vn\/en\/wp-json\/wp\/v2\/media?parent=1019"}],"wp:term":[{"taxonomy":"product_cat","embeddable":true,"href":"https:\/\/thietbilanhcongnghiep.com.vn\/en\/wp-json\/wp\/v2\/product_cat?post=1019"},{"taxonomy":"product_tag","embeddable":true,"href":"https:\/\/thietbilanhcongnghiep.com.vn\/en\/wp-json\/wp\/v2\/product_tag?post=1019"}],"curies":[{"name":"wp","href":"https:\/\/api.w.org\/{rel}","templated":true}]}}