{"id":1021,"date":"2024-01-03T04:14:21","date_gmt":"2024-01-02T21:14:21","guid":{"rendered":"https:\/\/thietbilanhcongnghiep.123websitedev.com\/?post_type=product&#038;p=1021"},"modified":"2025-03-11T14:18:40","modified_gmt":"2025-03-11T07:18:40","slug":"may-nen-lanh-dalian-piston-6125","status":"publish","type":"product","link":"https:\/\/thietbilanhcongnghiep.com.vn\/en\/product\/may-nen-lanh-dalian-piston-6125\/","title":{"rendered":"DALIAN PISTON 6125 REFRIGERATION COMPRESSOR"},"content":{"rendered":"","protected":false},"excerpt":{"rendered":"<p>M\u00e1y n\u00e9n l\u1ea1nh piston series 125 l\u00e0 m\u1ed9t trong c\u00e1c lo\u1ea1i m\u00e1y n\u00e9n do Trung Qu\u1ed1c M\u00e1y n\u00e9n l\u1ea1nh piston series 125 l\u00e0 lo\u1ea1i m\u00e1y n\u00e9n piston t\u1ed1c \u0111\u1ed9 cao, nhi\u1ec1u xy lanh v\u00e0 ng\u01b0\u1ee3c d\u00f2ng. Ch\u00fang c\u00f3 th\u1ec3 dung v\u1edbi m\u00f4i ch\u1ea5t l\u1ea1nh ammonia (R717, NH\u2083) ho\u1eb7c R22.<br \/>\nM\u00e1y n\u00e9n \u0111\u01b0\u1ee3c trang b\u1ecb b\u1ed9 gi\u1ea3m t\u1ea3i tr\u00ean to\u00e0n b\u1ed9 xy lanh, gi\u00fap m\u00e1y n\u00e9n kh\u1edfi \u0111\u1ed9ng d\u1ec5, ho\u00e0n to\u00e0n kh\u00f4ng t\u1ea3i. Trong khi m\u00e1y \u0111ang v\u1eadn h\u00e0nh, ta c\u00f3 th\u1ec3 n\u1ea1p d\u1ea7u nh\u1edd van 3 ng\u00e3 \u0111\u1eb7t s\u00e1t \u0111\u00e1y c\u1ee7a m\u00e1y n\u00e9n. Tr\u00ean t\u1ee7 \u0111i\u1ec1u khi\u1ec3n c\u00f3 trang b\u1ecb c\u00e1c thi\u1ebft b\u1ecb b\u1ea3o v\u1ec7: r\u1edd le b\u1ea3o v\u1ec7 \u00e1p su\u1ea5t cao, r\u1edd le b\u1ea3o v\u1ec7 \u00e1p su\u1ea5t d\u1ea7u \u0111\u1ea3m b\u1ea3o m\u00e1y v\u1eadn h\u00e0nh an to\u00e0n.<br \/>\nC\u1ee5m m\u00e1y n\u00e9n l\u1ea1nh g\u1ed3m c\u00f3: m\u00e1y n\u00e9n l\u1ea1nh, m\u00f4 t\u01a1, kh\u1edbp n\u1ed1i (\u1eafc c\u00fap, coupling), t\u1ee7 \u0111i\u1ec1u khi\u1ec3n v\u00e0 t\u1ea5t c\u1ea3 \u0111\u01b0\u1ee3c \u0111\u1eb7t tr\u00ean m\u1ed9t khung \u0111\u1ebf (chassis) n\u00ean c\u1ee5m m\u00e1y n\u00e9n l\u1ea1nh r\u1ea5t c\u1ee9ng v\u1eefng.<br \/>\nM\u00e1y n\u00e9n l\u1ea1nh piston series 125 c\u00f3 \u0111\u01b0\u1eddng k\u00ednh xy lanh 125mm, h\u00e0nh tr\u00ecnh piston 100mm, t\u1ed1c \u0111\u1ed9 quay ti\u00eau chu\u1ea9n 960RPM, g\u1ed3m c\u00e1c lo\u1ea1i: 4, 6, 8 xy lanh<br \/>\nMade in China<\/p>","protected":false},"featured_media":1022,"comment_status":"open","ping_status":"closed","template":"","meta":[],"product_cat":[220,222,162,163],"product_tag":[],"acf":[],"yoast_head":"<!-- This site is optimized with the Yoast SEO Premium plugin v21.7 (Yoast SEO v21.7) - https:\/\/yoast.com\/wordpress\/plugins\/seo\/ -->\n<title>M\u00c1Y N\u00c9N L\u1ea0NH DALIAN PISTON 6125 - Thi\u1ebft b\u1ecb l\u1ea1nh c\u00f4ng nghi\u1ec7p<\/title>\n<meta name=\"robots\" content=\"index, follow, max-snippet:-1, max-image-preview:large, max-video-preview:-1\" \/>\n<link rel=\"canonical\" href=\"https:\/\/thietbilanhcongnghiep.com.vn\/en\/product\/may-nen-lanh-dalian-piston-6125\/\" \/>\n<meta property=\"og:locale\" content=\"en_US\" \/>\n<meta property=\"og:type\" content=\"article\" \/>\n<meta property=\"og:title\" content=\"M\u00c1Y N\u00c9N L\u1ea0NH DALIAN PISTON 6125\" \/>\n<meta property=\"og:description\" content=\"M\u00e1y n\u00e9n l\u1ea1nh piston series 125 l\u00e0 m\u1ed9t trong c\u00e1c lo\u1ea1i m\u00e1y n\u00e9n do Trung Qu\u1ed1c M\u00e1y n\u00e9n l\u1ea1nh piston series 125 l\u00e0 lo\u1ea1i m\u00e1y n\u00e9n piston t\u1ed1c \u0111\u1ed9 cao, nhi\u1ec1u xy lanh v\u00e0 ng\u01b0\u1ee3c d\u00f2ng. Ch\u00fang c\u00f3 th\u1ec3 dung v\u1edbi m\u00f4i ch\u1ea5t l\u1ea1nh ammonia (R717, NH\u2083) ho\u1eb7c R22. M\u00e1y n\u00e9n \u0111\u01b0\u1ee3c trang b\u1ecb b\u1ed9 gi\u1ea3m t\u1ea3i tr\u00ean to\u00e0n b\u1ed9 xy lanh, gi\u00fap m\u00e1y n\u00e9n kh\u1edfi \u0111\u1ed9ng d\u1ec5, ho\u00e0n to\u00e0n kh\u00f4ng t\u1ea3i. Trong khi m\u00e1y \u0111ang v\u1eadn h\u00e0nh, ta c\u00f3 th\u1ec3 n\u1ea1p d\u1ea7u nh\u1edd van 3 ng\u00e3 \u0111\u1eb7t s\u00e1t \u0111\u00e1y c\u1ee7a m\u00e1y n\u00e9n. Tr\u00ean t\u1ee7 \u0111i\u1ec1u khi\u1ec3n c\u00f3 trang b\u1ecb c\u00e1c thi\u1ebft b\u1ecb b\u1ea3o v\u1ec7: r\u1edd le b\u1ea3o v\u1ec7 \u00e1p su\u1ea5t cao, r\u1edd le b\u1ea3o v\u1ec7 \u00e1p su\u1ea5t d\u1ea7u \u0111\u1ea3m b\u1ea3o m\u00e1y v\u1eadn h\u00e0nh an to\u00e0n. C\u1ee5m m\u00e1y n\u00e9n l\u1ea1nh g\u1ed3m c\u00f3: m\u00e1y n\u00e9n l\u1ea1nh, m\u00f4 t\u01a1, kh\u1edbp n\u1ed1i (\u1eafc c\u00fap, coupling), t\u1ee7 \u0111i\u1ec1u khi\u1ec3n v\u00e0 t\u1ea5t c\u1ea3 \u0111\u01b0\u1ee3c \u0111\u1eb7t tr\u00ean m\u1ed9t khung \u0111\u1ebf (chassis) n\u00ean c\u1ee5m m\u00e1y n\u00e9n l\u1ea1nh r\u1ea5t c\u1ee9ng v\u1eefng. M\u00e1y n\u00e9n l\u1ea1nh piston series 125 c\u00f3 \u0111\u01b0\u1eddng k\u00ednh xy lanh 125mm, h\u00e0nh tr\u00ecnh piston 100mm, t\u1ed1c \u0111\u1ed9 quay ti\u00eau chu\u1ea9n 960RPM, g\u1ed3m c\u00e1c lo\u1ea1i: 4, 6, 8 xy lanh Made in China\" \/>\n<meta property=\"og:url\" content=\"https:\/\/thietbilanhcongnghiep.com.vn\/en\/product\/may-nen-lanh-dalian-piston-6125\/\" \/>\n<meta property=\"og:site_name\" content=\"Thi\u1ebft b\u1ecb l\u1ea1nh c\u00f4ng nghi\u1ec7p\" \/>\n<meta property=\"article:modified_time\" content=\"2025-03-11T07:18:40+00:00\" \/>\n<meta property=\"og:image\" content=\"https:\/\/thietbilanhcongnghiep.com.vn\/wp-content\/uploads\/2024\/01\/6125.png\" \/>\n\t<meta property=\"og:image:width\" content=\"1066\" \/>\n\t<meta property=\"og:image:height\" content=\"621\" \/>\n\t<meta property=\"og:image:type\" content=\"image\/png\" \/>\n<meta name=\"twitter:card\" content=\"summary_large_image\" \/>\n<script type=\"application\/ld+json\" class=\"yoast-schema-graph\">{\"@context\":\"https:\/\/schema.org\",\"@graph\":[{\"@type\":\"WebPage\",\"@id\":\"https:\/\/thietbilanhcongnghiep.com.vn\/san-pham\/may-nen-lanh-dalian-piston-6125\/\",\"url\":\"https:\/\/thietbilanhcongnghiep.com.vn\/san-pham\/may-nen-lanh-dalian-piston-6125\/\",\"name\":\"M\u00c1Y N\u00c9N L\u1ea0NH DALIAN PISTON 6125 - Thi\u1ebft b\u1ecb l\u1ea1nh c\u00f4ng nghi\u1ec7p\",\"isPartOf\":{\"@id\":\"https:\/\/thietbilanhcongnghiep.com.vn\/#website\"},\"datePublished\":\"2024-01-02T21:14:21+00:00\",\"dateModified\":\"2025-03-11T07:18:40+00:00\",\"breadcrumb\":{\"@id\":\"https:\/\/thietbilanhcongnghiep.com.vn\/san-pham\/may-nen-lanh-dalian-piston-6125\/#breadcrumb\"},\"inLanguage\":\"en-US\",\"potentialAction\":[{\"@type\":\"ReadAction\",\"target\":[\"https:\/\/thietbilanhcongnghiep.com.vn\/san-pham\/may-nen-lanh-dalian-piston-6125\/\"]}]},{\"@type\":\"BreadcrumbList\",\"@id\":\"https:\/\/thietbilanhcongnghiep.com.vn\/san-pham\/may-nen-lanh-dalian-piston-6125\/#breadcrumb\",\"itemListElement\":[{\"@type\":\"ListItem\",\"position\":1,\"name\":\"Trang ch\u1ee7\",\"item\":\"https:\/\/thietbilanhcongnghiep.com.vn\/\"},{\"@type\":\"ListItem\",\"position\":2,\"name\":\"S\u1ea3n ph\u1ea9m\",\"item\":\"https:\/\/thietbilanhcongnghiep.com.vn\/san-pham\/\"},{\"@type\":\"ListItem\",\"position\":3,\"name\":\"M\u00c1Y N\u00c9N L\u1ea0NH DALIAN PISTON 6125\"}]},{\"@type\":\"WebSite\",\"@id\":\"https:\/\/thietbilanhcongnghiep.com.vn\/#website\",\"url\":\"https:\/\/thietbilanhcongnghiep.com.vn\/\",\"name\":\"Thi\u1ebft b\u1ecb l\u1ea1nh c\u00f4ng nghi\u1ec7p\",\"description\":\"Nh\u00e0 ph\u00e2n ph\u1ed1i Parker, Biso\",\"potentialAction\":[{\"@type\":\"SearchAction\",\"target\":{\"@type\":\"EntryPoint\",\"urlTemplate\":\"https:\/\/thietbilanhcongnghiep.com.vn\/?s={search_term_string}\"},\"query-input\":\"required name=search_term_string\"}],\"inLanguage\":\"en-US\"}]}<\/script>\n<!-- \/ Yoast SEO Premium plugin. -->","yoast_head_json":{"title":"M\u00c1Y N\u00c9N L\u1ea0NH DALIAN PISTON 6125 - Thi\u1ebft b\u1ecb l\u1ea1nh c\u00f4ng nghi\u1ec7p","robots":{"index":"index","follow":"follow","max-snippet":"max-snippet:-1","max-image-preview":"max-image-preview:large","max-video-preview":"max-video-preview:-1"},"canonical":"https:\/\/thietbilanhcongnghiep.com.vn\/en\/product\/may-nen-lanh-dalian-piston-6125\/","og_locale":"en_US","og_type":"article","og_title":"M\u00c1Y N\u00c9N L\u1ea0NH DALIAN PISTON 6125","og_description":"M\u00e1y n\u00e9n l\u1ea1nh piston series 125 l\u00e0 m\u1ed9t trong c\u00e1c lo\u1ea1i m\u00e1y n\u00e9n do Trung Qu\u1ed1c M\u00e1y n\u00e9n l\u1ea1nh piston series 125 l\u00e0 lo\u1ea1i m\u00e1y n\u00e9n piston t\u1ed1c \u0111\u1ed9 cao, nhi\u1ec1u xy lanh v\u00e0 ng\u01b0\u1ee3c d\u00f2ng. Ch\u00fang c\u00f3 th\u1ec3 dung v\u1edbi m\u00f4i ch\u1ea5t l\u1ea1nh ammonia (R717, NH\u2083) ho\u1eb7c R22. M\u00e1y n\u00e9n \u0111\u01b0\u1ee3c trang b\u1ecb b\u1ed9 gi\u1ea3m t\u1ea3i tr\u00ean to\u00e0n b\u1ed9 xy lanh, gi\u00fap m\u00e1y n\u00e9n kh\u1edfi \u0111\u1ed9ng d\u1ec5, ho\u00e0n to\u00e0n kh\u00f4ng t\u1ea3i. Trong khi m\u00e1y \u0111ang v\u1eadn h\u00e0nh, ta c\u00f3 th\u1ec3 n\u1ea1p d\u1ea7u nh\u1edd van 3 ng\u00e3 \u0111\u1eb7t s\u00e1t \u0111\u00e1y c\u1ee7a m\u00e1y n\u00e9n. Tr\u00ean t\u1ee7 \u0111i\u1ec1u khi\u1ec3n c\u00f3 trang b\u1ecb c\u00e1c thi\u1ebft b\u1ecb b\u1ea3o v\u1ec7: r\u1edd le b\u1ea3o v\u1ec7 \u00e1p su\u1ea5t cao, r\u1edd le b\u1ea3o v\u1ec7 \u00e1p su\u1ea5t d\u1ea7u \u0111\u1ea3m b\u1ea3o m\u00e1y v\u1eadn h\u00e0nh an to\u00e0n. C\u1ee5m m\u00e1y n\u00e9n l\u1ea1nh g\u1ed3m c\u00f3: m\u00e1y n\u00e9n l\u1ea1nh, m\u00f4 t\u01a1, kh\u1edbp n\u1ed1i (\u1eafc c\u00fap, coupling), t\u1ee7 \u0111i\u1ec1u khi\u1ec3n v\u00e0 t\u1ea5t c\u1ea3 \u0111\u01b0\u1ee3c \u0111\u1eb7t tr\u00ean m\u1ed9t khung \u0111\u1ebf (chassis) n\u00ean c\u1ee5m m\u00e1y n\u00e9n l\u1ea1nh r\u1ea5t c\u1ee9ng v\u1eefng. M\u00e1y n\u00e9n l\u1ea1nh piston series 125 c\u00f3 \u0111\u01b0\u1eddng k\u00ednh xy lanh 125mm, h\u00e0nh tr\u00ecnh piston 100mm, t\u1ed1c \u0111\u1ed9 quay ti\u00eau chu\u1ea9n 960RPM, g\u1ed3m c\u00e1c lo\u1ea1i: 4, 6, 8 xy lanh Made in China","og_url":"https:\/\/thietbilanhcongnghiep.com.vn\/en\/product\/may-nen-lanh-dalian-piston-6125\/","og_site_name":"Thi\u1ebft b\u1ecb l\u1ea1nh c\u00f4ng nghi\u1ec7p","article_modified_time":"2025-03-11T07:18:40+00:00","og_image":[{"width":1066,"height":621,"url":"https:\/\/thietbilanhcongnghiep.com.vn\/wp-content\/uploads\/2024\/01\/6125.png","type":"image\/png"}],"twitter_card":"summary_large_image","schema":{"@context":"https:\/\/schema.org","@graph":[{"@type":"WebPage","@id":"https:\/\/thietbilanhcongnghiep.com.vn\/san-pham\/may-nen-lanh-dalian-piston-6125\/","url":"https:\/\/thietbilanhcongnghiep.com.vn\/san-pham\/may-nen-lanh-dalian-piston-6125\/","name":"M\u00c1Y N\u00c9N L\u1ea0NH DALIAN PISTON 6125 - Thi\u1ebft b\u1ecb l\u1ea1nh c\u00f4ng nghi\u1ec7p","isPartOf":{"@id":"https:\/\/thietbilanhcongnghiep.com.vn\/#website"},"datePublished":"2024-01-02T21:14:21+00:00","dateModified":"2025-03-11T07:18:40+00:00","breadcrumb":{"@id":"https:\/\/thietbilanhcongnghiep.com.vn\/san-pham\/may-nen-lanh-dalian-piston-6125\/#breadcrumb"},"inLanguage":"en-US","potentialAction":[{"@type":"ReadAction","target":["https:\/\/thietbilanhcongnghiep.com.vn\/san-pham\/may-nen-lanh-dalian-piston-6125\/"]}]},{"@type":"BreadcrumbList","@id":"https:\/\/thietbilanhcongnghiep.com.vn\/san-pham\/may-nen-lanh-dalian-piston-6125\/#breadcrumb","itemListElement":[{"@type":"ListItem","position":1,"name":"Trang ch\u1ee7","item":"https:\/\/thietbilanhcongnghiep.com.vn\/"},{"@type":"ListItem","position":2,"name":"S\u1ea3n ph\u1ea9m","item":"https:\/\/thietbilanhcongnghiep.com.vn\/san-pham\/"},{"@type":"ListItem","position":3,"name":"M\u00c1Y N\u00c9N L\u1ea0NH DALIAN PISTON 6125"}]},{"@type":"WebSite","@id":"https:\/\/thietbilanhcongnghiep.com.vn\/#website","url":"https:\/\/thietbilanhcongnghiep.com.vn\/","name":"Thi\u1ebft b\u1ecb l\u1ea1nh c\u00f4ng nghi\u1ec7p","description":"Nh\u00e0 ph\u00e2n ph\u1ed1i Parker, Biso","potentialAction":[{"@type":"SearchAction","target":{"@type":"EntryPoint","urlTemplate":"https:\/\/thietbilanhcongnghiep.com.vn\/?s={search_term_string}"},"query-input":"required name=search_term_string"}],"inLanguage":"en-US"}]}},"_links":{"self":[{"href":"https:\/\/thietbilanhcongnghiep.com.vn\/en\/wp-json\/wp\/v2\/product\/1021"}],"collection":[{"href":"https:\/\/thietbilanhcongnghiep.com.vn\/en\/wp-json\/wp\/v2\/product"}],"about":[{"href":"https:\/\/thietbilanhcongnghiep.com.vn\/en\/wp-json\/wp\/v2\/types\/product"}],"replies":[{"embeddable":true,"href":"https:\/\/thietbilanhcongnghiep.com.vn\/en\/wp-json\/wp\/v2\/comments?post=1021"}],"wp:featuredmedia":[{"embeddable":true,"href":"https:\/\/thietbilanhcongnghiep.com.vn\/en\/wp-json\/wp\/v2\/media\/1022"}],"wp:attachment":[{"href":"https:\/\/thietbilanhcongnghiep.com.vn\/en\/wp-json\/wp\/v2\/media?parent=1021"}],"wp:term":[{"taxonomy":"product_cat","embeddable":true,"href":"https:\/\/thietbilanhcongnghiep.com.vn\/en\/wp-json\/wp\/v2\/product_cat?post=1021"},{"taxonomy":"product_tag","embeddable":true,"href":"https:\/\/thietbilanhcongnghiep.com.vn\/en\/wp-json\/wp\/v2\/product_tag?post=1021"}],"curies":[{"name":"wp","href":"https:\/\/api.w.org\/{rel}","templated":true}]}}