{"id":984,"date":"2024-01-02T11:23:31","date_gmt":"2024-01-02T04:23:31","guid":{"rendered":"https:\/\/thietbilanhcongnghiep.123websitedev.com\/?post_type=product&#038;p=984"},"modified":"2024-01-03T03:50:14","modified_gmt":"2024-01-02T20:50:14","slug":"van-chan-thang-y32","status":"publish","type":"product","link":"https:\/\/thietbilanhcongnghiep.com.vn\/en\/product\/van-chan-thang-y32\/","title":{"rendered":"VAN CH\u1eb6N TH\u1eb2NG Y32"},"content":{"rendered":"","protected":false},"excerpt":{"rendered":"<p>K\u00edch th\u01b0\u1edbc: Dn15 \u2013 Dn250 (\u00d821 \u2013 273mm)<br \/>\nUsed for: NH3, Freon and other solvents<br \/>\nMade in China<br \/>\nCHARACTERISTIC<br \/>\n-Tay van nghi\u00eang v\u1edbi \u0111\u01b0\u1eddng \u1ed1ng 45\u00b0<br \/>\n-Tay van b\u1eb1ng gang, b\u1ec1n b\u1ec9<br \/>\n&#8211; D\u0129a van l\u00e0m k\u00edn b\u1eb1ng Teflon c\u1ed1t s\u1ee3i th\u1ee7y tinh, ch\u1ecbu nhi\u1ec7t \u0111\u1ed9 cao<br \/>\n-\u0110\u1ebf van c\u00f4n, l\u00e0m k\u00edn t\u1ed1t, h\u1ea1n ch\u1ebf ba vie v\u00e0 c\u1eb7n b\u1ea9n l\u00e0m tr\u1ea7y d\u0129a van<br \/>\n-Ty van b\u1eb1ng Inox<br \/>\n-\u0110\u1ec7m k\u00edn ty van b\u1eb1ng graphic, k\u00edn t\u1ed1t \u1edf m\u1ecdi nhi\u1ec7t \u0111\u1ed9<br \/>\n-C\u01a1 c\u1ea5u \u0111\u00f3ng ng\u01b0\u1ee3c h\u1ea1n ch\u1ebf r\u00f2 r\u1ec9 ty van<br \/>\n- Valve body is made of steel, high strength.<br \/>\nSPECIFICATIONS<br \/>\n-\u00c1p su\u1ea5t th\u1eed: 45Bar<br \/>\n-Working temperature: -46 \u2014 150\u00b0C<\/p>","protected":false},"featured_media":985,"comment_status":"open","ping_status":"closed","template":"","meta":[],"product_cat":[130,132],"product_tag":[],"acf":[],"yoast_head":"<!-- This site is optimized with the Yoast SEO Premium plugin v21.7 (Yoast SEO v21.7) - https:\/\/yoast.com\/wordpress\/plugins\/seo\/ -->\n<title>VAN CH\u1eb6N TH\u1eb2NG Y32 - Thi\u1ebft b\u1ecb l\u1ea1nh c\u00f4ng nghi\u1ec7p<\/title>\n<meta name=\"robots\" content=\"index, follow, max-snippet:-1, max-image-preview:large, max-video-preview:-1\" \/>\n<link rel=\"canonical\" href=\"https:\/\/thietbilanhcongnghiep.com.vn\/en\/product\/van-chan-thang-y32\/\" \/>\n<meta property=\"og:locale\" content=\"en_US\" \/>\n<meta property=\"og:type\" content=\"article\" \/>\n<meta property=\"og:title\" content=\"VAN CH\u1eb6N TH\u1eb2NG Y32\" \/>\n<meta property=\"og:description\" content=\"K\u00edch th\u01b0\u1edbc: Dn15 \u2013 Dn250 (\u00d821 \u2013 273mm) D\u00f9ng cho: NH3, Freon v\u00e0 c\u00e1c m\u00f4i ch\u1ea5t kh\u00e1c Made in China \u0110\u1eb6C \u0110I\u1ec2M -Tay van nghi\u00eang v\u1edbi \u0111\u01b0\u1eddng \u1ed1ng 45\u00b0 -Tay van b\u1eb1ng gang, b\u1ec1n b\u1ec9 - D\u0129a van l\u00e0m k\u00edn b\u1eb1ng Teflon c\u1ed1t s\u1ee3i th\u1ee7y tinh, ch\u1ecbu nhi\u1ec7t \u0111\u1ed9 cao -\u0110\u1ebf van c\u00f4n, l\u00e0m k\u00edn t\u1ed1t, h\u1ea1n ch\u1ebf ba vie v\u00e0 c\u1eb7n b\u1ea9n l\u00e0m tr\u1ea7y d\u0129a van -Ty van b\u1eb1ng Inox -\u0110\u1ec7m k\u00edn ty van b\u1eb1ng graphic, k\u00edn t\u1ed1t \u1edf m\u1ecdi nhi\u1ec7t \u0111\u1ed9 -C\u01a1 c\u1ea5u \u0111\u00f3ng ng\u01b0\u1ee3c h\u1ea1n ch\u1ebf r\u00f2 r\u1ec9 ty van -Th\u00e2n van b\u1eb1ng th\u00e9p, ch\u1ecbu l\u1ef1c cao. TH\u00d4NG S\u1ed0 K\u1ef8 THU\u1eacT -\u00c1p su\u1ea5t th\u1eed: 45Bar -Nhi\u1ec7t \u0111\u1ed9 l\u00e0m vi\u1ec7c : -46 -- 150\u00b0C\" \/>\n<meta property=\"og:url\" content=\"https:\/\/thietbilanhcongnghiep.com.vn\/en\/product\/van-chan-thang-y32\/\" \/>\n<meta property=\"og:site_name\" content=\"Thi\u1ebft b\u1ecb l\u1ea1nh c\u00f4ng nghi\u1ec7p\" \/>\n<meta property=\"article:modified_time\" content=\"2024-01-02T20:50:14+00:00\" \/>\n<meta property=\"og:image\" content=\"https:\/\/thietbilanhcongnghiep.com.vn\/wp-content\/uploads\/2024\/01\/Y-32.jpg\" \/>\n\t<meta property=\"og:image:width\" content=\"782\" \/>\n\t<meta property=\"og:image:height\" content=\"762\" \/>\n\t<meta property=\"og:image:type\" content=\"image\/jpeg\" \/>\n<meta name=\"twitter:card\" content=\"summary_large_image\" \/>\n<script type=\"application\/ld+json\" class=\"yoast-schema-graph\">{\"@context\":\"https:\/\/schema.org\",\"@graph\":[{\"@type\":\"WebPage\",\"@id\":\"https:\/\/thietbilanhcongnghiep.com.vn\/san-pham\/van-chan-thang-y32\/\",\"url\":\"https:\/\/thietbilanhcongnghiep.com.vn\/san-pham\/van-chan-thang-y32\/\",\"name\":\"VAN CH\u1eb6N TH\u1eb2NG Y32 - Thi\u1ebft b\u1ecb l\u1ea1nh c\u00f4ng nghi\u1ec7p\",\"isPartOf\":{\"@id\":\"https:\/\/thietbilanhcongnghiep.com.vn\/#website\"},\"datePublished\":\"2024-01-02T04:23:31+00:00\",\"dateModified\":\"2024-01-02T20:50:14+00:00\",\"breadcrumb\":{\"@id\":\"https:\/\/thietbilanhcongnghiep.com.vn\/san-pham\/van-chan-thang-y32\/#breadcrumb\"},\"inLanguage\":\"en-US\",\"potentialAction\":[{\"@type\":\"ReadAction\",\"target\":[\"https:\/\/thietbilanhcongnghiep.com.vn\/san-pham\/van-chan-thang-y32\/\"]}]},{\"@type\":\"BreadcrumbList\",\"@id\":\"https:\/\/thietbilanhcongnghiep.com.vn\/san-pham\/van-chan-thang-y32\/#breadcrumb\",\"itemListElement\":[{\"@type\":\"ListItem\",\"position\":1,\"name\":\"Trang ch\u1ee7\",\"item\":\"https:\/\/thietbilanhcongnghiep.com.vn\/\"},{\"@type\":\"ListItem\",\"position\":2,\"name\":\"S\u1ea3n ph\u1ea9m\",\"item\":\"https:\/\/thietbilanhcongnghiep.com.vn\/san-pham\/\"},{\"@type\":\"ListItem\",\"position\":3,\"name\":\"VAN CH\u1eb6N TH\u1eb2NG Y32\"}]},{\"@type\":\"WebSite\",\"@id\":\"https:\/\/thietbilanhcongnghiep.com.vn\/#website\",\"url\":\"https:\/\/thietbilanhcongnghiep.com.vn\/\",\"name\":\"Thi\u1ebft b\u1ecb l\u1ea1nh c\u00f4ng nghi\u1ec7p\",\"description\":\"Nh\u00e0 ph\u00e2n ph\u1ed1i Parker, Biso\",\"potentialAction\":[{\"@type\":\"SearchAction\",\"target\":{\"@type\":\"EntryPoint\",\"urlTemplate\":\"https:\/\/thietbilanhcongnghiep.com.vn\/?s={search_term_string}\"},\"query-input\":\"required name=search_term_string\"}],\"inLanguage\":\"en-US\"}]}<\/script>\n<!-- \/ Yoast SEO Premium plugin. -->","yoast_head_json":{"title":"VAN CH\u1eb6N TH\u1eb2NG Y32 - Thi\u1ebft b\u1ecb l\u1ea1nh c\u00f4ng nghi\u1ec7p","robots":{"index":"index","follow":"follow","max-snippet":"max-snippet:-1","max-image-preview":"max-image-preview:large","max-video-preview":"max-video-preview:-1"},"canonical":"https:\/\/thietbilanhcongnghiep.com.vn\/en\/product\/van-chan-thang-y32\/","og_locale":"en_US","og_type":"article","og_title":"VAN CH\u1eb6N TH\u1eb2NG Y32","og_description":"K\u00edch th\u01b0\u1edbc: Dn15 \u2013 Dn250 (\u00d821 \u2013 273mm) D\u00f9ng cho: NH3, Freon v\u00e0 c\u00e1c m\u00f4i ch\u1ea5t kh\u00e1c Made in China \u0110\u1eb6C \u0110I\u1ec2M -Tay van nghi\u00eang v\u1edbi \u0111\u01b0\u1eddng \u1ed1ng 45\u00b0 -Tay van b\u1eb1ng gang, b\u1ec1n b\u1ec9 - D\u0129a van l\u00e0m k\u00edn b\u1eb1ng Teflon c\u1ed1t s\u1ee3i th\u1ee7y tinh, ch\u1ecbu nhi\u1ec7t \u0111\u1ed9 cao -\u0110\u1ebf van c\u00f4n, l\u00e0m k\u00edn t\u1ed1t, h\u1ea1n ch\u1ebf ba vie v\u00e0 c\u1eb7n b\u1ea9n l\u00e0m tr\u1ea7y d\u0129a van -Ty van b\u1eb1ng Inox -\u0110\u1ec7m k\u00edn ty van b\u1eb1ng graphic, k\u00edn t\u1ed1t \u1edf m\u1ecdi nhi\u1ec7t \u0111\u1ed9 -C\u01a1 c\u1ea5u \u0111\u00f3ng ng\u01b0\u1ee3c h\u1ea1n ch\u1ebf r\u00f2 r\u1ec9 ty van -Th\u00e2n van b\u1eb1ng th\u00e9p, ch\u1ecbu l\u1ef1c cao. TH\u00d4NG S\u1ed0 K\u1ef8 THU\u1eacT -\u00c1p su\u1ea5t th\u1eed: 45Bar -Nhi\u1ec7t \u0111\u1ed9 l\u00e0m vi\u1ec7c : -46 -- 150\u00b0C","og_url":"https:\/\/thietbilanhcongnghiep.com.vn\/en\/product\/van-chan-thang-y32\/","og_site_name":"Thi\u1ebft b\u1ecb l\u1ea1nh c\u00f4ng nghi\u1ec7p","article_modified_time":"2024-01-02T20:50:14+00:00","og_image":[{"width":782,"height":762,"url":"https:\/\/thietbilanhcongnghiep.com.vn\/wp-content\/uploads\/2024\/01\/Y-32.jpg","type":"image\/jpeg"}],"twitter_card":"summary_large_image","schema":{"@context":"https:\/\/schema.org","@graph":[{"@type":"WebPage","@id":"https:\/\/thietbilanhcongnghiep.com.vn\/san-pham\/van-chan-thang-y32\/","url":"https:\/\/thietbilanhcongnghiep.com.vn\/san-pham\/van-chan-thang-y32\/","name":"VAN CH\u1eb6N TH\u1eb2NG Y32 - Thi\u1ebft b\u1ecb l\u1ea1nh c\u00f4ng nghi\u1ec7p","isPartOf":{"@id":"https:\/\/thietbilanhcongnghiep.com.vn\/#website"},"datePublished":"2024-01-02T04:23:31+00:00","dateModified":"2024-01-02T20:50:14+00:00","breadcrumb":{"@id":"https:\/\/thietbilanhcongnghiep.com.vn\/san-pham\/van-chan-thang-y32\/#breadcrumb"},"inLanguage":"en-US","potentialAction":[{"@type":"ReadAction","target":["https:\/\/thietbilanhcongnghiep.com.vn\/san-pham\/van-chan-thang-y32\/"]}]},{"@type":"BreadcrumbList","@id":"https:\/\/thietbilanhcongnghiep.com.vn\/san-pham\/van-chan-thang-y32\/#breadcrumb","itemListElement":[{"@type":"ListItem","position":1,"name":"Trang ch\u1ee7","item":"https:\/\/thietbilanhcongnghiep.com.vn\/"},{"@type":"ListItem","position":2,"name":"S\u1ea3n ph\u1ea9m","item":"https:\/\/thietbilanhcongnghiep.com.vn\/san-pham\/"},{"@type":"ListItem","position":3,"name":"VAN CH\u1eb6N TH\u1eb2NG Y32"}]},{"@type":"WebSite","@id":"https:\/\/thietbilanhcongnghiep.com.vn\/#website","url":"https:\/\/thietbilanhcongnghiep.com.vn\/","name":"Thi\u1ebft b\u1ecb l\u1ea1nh c\u00f4ng nghi\u1ec7p","description":"Nh\u00e0 ph\u00e2n ph\u1ed1i Parker, Biso","potentialAction":[{"@type":"SearchAction","target":{"@type":"EntryPoint","urlTemplate":"https:\/\/thietbilanhcongnghiep.com.vn\/?s={search_term_string}"},"query-input":"required name=search_term_string"}],"inLanguage":"en-US"}]}},"_links":{"self":[{"href":"https:\/\/thietbilanhcongnghiep.com.vn\/en\/wp-json\/wp\/v2\/product\/984"}],"collection":[{"href":"https:\/\/thietbilanhcongnghiep.com.vn\/en\/wp-json\/wp\/v2\/product"}],"about":[{"href":"https:\/\/thietbilanhcongnghiep.com.vn\/en\/wp-json\/wp\/v2\/types\/product"}],"replies":[{"embeddable":true,"href":"https:\/\/thietbilanhcongnghiep.com.vn\/en\/wp-json\/wp\/v2\/comments?post=984"}],"wp:featuredmedia":[{"embeddable":true,"href":"https:\/\/thietbilanhcongnghiep.com.vn\/en\/wp-json\/wp\/v2\/media\/985"}],"wp:attachment":[{"href":"https:\/\/thietbilanhcongnghiep.com.vn\/en\/wp-json\/wp\/v2\/media?parent=984"}],"wp:term":[{"taxonomy":"product_cat","embeddable":true,"href":"https:\/\/thietbilanhcongnghiep.com.vn\/en\/wp-json\/wp\/v2\/product_cat?post=984"},{"taxonomy":"product_tag","embeddable":true,"href":"https:\/\/thietbilanhcongnghiep.com.vn\/en\/wp-json\/wp\/v2\/product_tag?post=984"}],"curies":[{"name":"wp","href":"https:\/\/api.w.org\/{rel}","templated":true}]}}